{"id":6587,"date":"2023-05-05T11:30:37","date_gmt":"2023-05-05T09:30:37","guid":{"rendered":"http:\/\/www.rememberme-forever.com\/?post_type=product&#038;p=6587"},"modified":"2026-02-02T14:08:11","modified_gmt":"2026-02-02T13:08:11","slug":"czarna-urna-rustykalna-urna-recznie-malowana-technika-decoupage","status":"publish","type":"product","link":"https:\/\/www.rememberme-forever.com\/pl\/produkt\/czarna-urna-rustykalna-urna-recznie-malowana-technika-decoupage\/","title":{"rendered":"&#8217;Czarna urna rustykalna&#8217; &#8211; urna r\u0119cznie malowana technik\u0105 decoupage"},"content":{"rendered":"<div style=\"width: 100%; margin-bottom: 40px; height: max-content; padding-bottom: 60%; position: relative;\"><iframe style=\"position: absolute; top: 0; left: 0; width: 100%; height: 100%;\" src=\"https:\/\/rememberme-urns.com\/black-rustic-urn-crackle\/\" frameborder=\"0\"><\/iframe><\/div>\n<div style=\"color: red; text-align: center; margin-bottom: 25px;\">\n<p>&gt;&gt; Obrotowe zdj\u0119cie &#8211; dotknij\/zbli\u017c &lt;&lt;<\/p>\n<\/div>\n<h2 style=\"text-align: center;\">&#8217;Czarna urna rustykalna&#8217; &#8211; urna r\u0119cznie malowana technik\u0105 decoupage<\/h2>\n<p style=\"text-align: center;\">Przedstawiamy nasz\u0105 pi\u0119kn\u0105 Czarn\u0105 Urn\u0119 Rustykaln\u0105 &#8211; artystyczn\u0105 urn\u0119 na prochy, kt\u00f3ra z pewno\u015bci\u0105 zachwyci ka\u017cdego mi\u0142o\u015bnika oryginalnych i niepowtarzalnych dzie\u0142 sztuki. R\u0119cznie malowana technik\u0105 decoupage, ka\u017cda urna jest unikatowa i posiada wyj\u0105tkowy charakter.<\/p>\n<p style=\"text-align: center;\">Urna wykonana jest z wysokiej jako\u015bci stali nierdzewnej, ustawiona na eleganckiej podstawie z marmuru. Z przodu podstawy umieszczono podw\u00f3jne srebrne serce, kt\u00f3re symbolizuje mi\u0142o\u015b\u0107, jak\u0105 \u0142\u0105czy\u0142a Ci\u0119 z Twoim bliskim. Do urny do\u0142\u0105czona jest r\u00f3wnie\u017c grawerowana plakietka, na kt\u00f3rej mo\u017cesz umie\u015bci\u0107 osobisty tekst, kt\u00f3ry pozwoli upami\u0119tni\u0107 Twojego ukochanego w wyj\u0105tkowy spos\u00f3b.<\/p>\n<p style=\"text-align: center;\">Prochy ulokowane s\u0105 w urnie poprzez dolny zakr\u0119cany otw\u00f3r, zapewniaj\u0105c bezpieczne i dyskretne miejsce poch\u00f3wku. Ta oryginalna i wyj\u0105tkowa urna to doskona\u0142y spos\u00f3b, aby uczci\u0107 pami\u0119\u0107 Twojego bliskiego i wyrazi\u0107 szacunek wobec jego \u017cycia i dziedzictwa.<\/p>\n<p style=\"text-align: center;\">Je\u015bli szukasz oryginalnego sposobu na upami\u0119tnienie Twojego bliskiego, nasza Czarna Urna Rustykalna z pewno\u015bci\u0105 spe\u0142ni Twoje oczekiwania. To dzie\u0142o sztuki, kt\u00f3re zapewni Twojemu bliskiemu godne i szlachetne miejsce spoczynku, a Tobie &#8211; poczucie satysfakcji, \u017ce wybieraj\u0105c ten produkt, dokona\u0142e\u015b dobrego i przemy\u015blanego wyboru.<\/p>\n<p style=\"text-align: center;\"><span class=\"jCAhz ChMk0b\"><span class=\"ryNqvb\">\u2611\ufe0f Naro\u017cniki marmurowej podstawy mog\u0105 by\u0107 zaokr\u0105glone lub mie\u0107 k\u0105t prosty, w zale\u017cno\u015bci od aktualnego stanu magazynowego.<\/span><\/span> <span class=\"jCAhz ChMk0b\"><span class=\"ryNqvb\">Je\u015bli masz jakie\u015b preferencje dotycz\u0105ce naro\u017cnik\u00f3w podstawy, skontaktuj si\u0119 z nami przed dokonaniem zakupu.<\/span><\/span><\/p>\n<p><iframe loading=\"lazy\" title=\"Artistic Urns For Ashes, Sphere - Shaped Unique Cremation Urns\" width=\"640\" height=\"360\" src=\"https:\/\/www.youtube.com\/embed\/QU30c5K8Nb8?feature=oembed\" frameborder=\"0\" allow=\"accelerometer; autoplay; clipboard-write; encrypted-media; gyroscope; picture-in-picture; web-share\" referrerpolicy=\"strict-origin-when-cross-origin\" allowfullscreen><\/iframe><\/p>\n<p style=\"text-align: center;\"><em><strong>Produkt jest r\u0119cznie malowany przez artyst\u0119, urny nieznacznie r\u00f3\u017cni\u0105 si\u0119 od siebie detalami, co jest wynikiem r\u0119cznej pracy.<\/strong><\/em><\/p>\n<p>&nbsp;<\/p>\n<p style=\"text-align: center;\"><strong>Dolny otw\u00f3r do wsypania proch\u00f3w:<\/strong><\/p>\n<p><img loading=\"lazy\" decoding=\"async\" class=\" wp-image-1000 aligncenter\" src=\"http:\/\/www.rememberme-forever.com\/wp-content\/uploads\/2023\/04\/steel-urn-opening-295x300.jpg\" alt=\"steel urn opening\" width=\"179\" height=\"182\" srcset=\"https:\/\/www.rememberme-forever.com\/wp-content\/uploads\/2023\/04\/steel-urn-opening-295x300.jpg 295w, https:\/\/www.rememberme-forever.com\/wp-content\/uploads\/2023\/04\/steel-urn-opening-768x781.jpg 768w, https:\/\/www.rememberme-forever.com\/wp-content\/uploads\/2023\/04\/steel-urn-opening-600x610.jpg 600w, https:\/\/www.rememberme-forever.com\/wp-content\/uploads\/2023\/04\/steel-urn-opening-64x65.jpg 64w, https:\/\/www.rememberme-forever.com\/wp-content\/uploads\/2023\/04\/steel-urn-opening.jpg 1007w\" sizes=\"auto, (max-width: 179px) 100vw, 179px\" \/><\/p>\n<p>&nbsp;<\/p>\n<h3 style=\"text-align: center;\"><strong>PERSONALIZACJA<\/strong><\/h3>\n<p style=\"text-align: center;\">Je\u015bli wybierzesz grawerowan\u0105 plakietk\u0119 w zestawie z urn\u0105, prze\u015blij tekst w ramce \u201cGrawerowana plakietka\u201d.<\/p>\n<p style=\"text-align: center;\">Tekst do grawerowanej plakietki powinien by\u0107 dostarczony podczas sk\u0142adania zam\u00f3wienia. (Prosz\u0119 nie panikowa\u0107, je\u015bli to przegapisz, poniewa\u017c zawsze mo\u017cesz wys\u0142a\u0107 nam wiadomo\u015b\u0107 p\u00f3\u017aniej.)<\/p>\n<p style=\"text-align: center;\"><img loading=\"lazy\" decoding=\"async\" class=\"alignnone wp-image-1450\" src=\"http:\/\/www.rememberme-forever.com\/wp-content\/uploads\/2023\/04\/memorial-plaque-cremation-urn-silver-300x153.jpg\" alt=\"memorial plaque cremation urn silver\" width=\"233\" height=\"119\" \/><\/p>\n<p style=\"text-align: center;\"><em><a name=\"_Hlk108616021\"><\/a><strong>Przed dodaniem produktu do koszyka dok\u0142adnie SPRAWD\u0179 tekst przes\u0142any do grawerowania. Do\u00a0 tekstu kt\u00f3ry otrzymujemy wraz z zam\u00f3wieniem\u00a0 nie wprowadzamy \u017cadnych zmian z naszej strony. Tekst jest grawerowany dok\u0142adnie taki, jaki otrzymujemy od pa\u0144stwa. <\/strong><\/em><\/p>\n<p style=\"text-align: center;\"><em><strong>Sprawd\u017a tekst, aby upewni\u0107 si\u0119, \u017ce pisownia jest poprawna.<\/strong><\/em><\/p>\n<p>&nbsp;<\/p>\n<h3 style=\"text-align: center;\"><strong>Jak przesypa\u0107 prochy do tego typu urny?<\/strong><\/h3>\n<p><iframe loading=\"lazy\" title=\"How to Fill An Urn | How to Transfer Ashes in an Urn -  Always in my Heart Stainless Steel Urn\" width=\"640\" height=\"360\" src=\"https:\/\/www.youtube.com\/embed\/RJpJECh-Mns?feature=oembed\" frameborder=\"0\" allow=\"accelerometer; autoplay; clipboard-write; encrypted-media; gyroscope; picture-in-picture; web-share\" referrerpolicy=\"strict-origin-when-cross-origin\" allowfullscreen><\/iframe><\/p>\n","protected":false},"excerpt":{"rendered":"<p><em><strong>Urna odpowiednia dla osoby o masie cia\u0142a 102 kg lub mniej.<\/strong><\/em><\/p>\n<p>\u2705Urny \u201eZach\u00f3d s\u0142o\u0144ca\u201d i \u201eMiasto noc\u0105\u201d wykonujemy na zam\u00f3wienie, dlatego czas oczekiwania mo\u017ce si\u0119 wyd\u0142u\u017cy\u0107 (o szczeg\u00f3\u0142y prosimy pyta\u0107). Inne urny z tej aukcji zostan\u0105 wys\u0142ane bezpo\u015brednio po z\u0142o\u017ceniu zam\u00f3wienia.<\/p>\n","protected":false},"featured_media":6594,"template":"","meta":{"_acf_changed":false},"product_brand":[],"product_cat":[78,139],"product_tag":[3347,995,994,1006,962],"class_list":{"0":"post-6587","1":"product","2":"type-product","3":"status-publish","4":"has-post-thumbnail","6":"product_cat-urny-artystyczne","7":"product_cat-urny-metalowe","8":"product_tag-gpsr-metal_stonebase","9":"product_tag-kremacja","10":"product_tag-prochy","11":"product_tag-recznie-malowane","12":"product_tag-urna","13":"product_shipping_class-art-urns-kule-do20cm-pl","15":"first","16":"instock","17":"featured","18":"taxable","19":"shipping-taxable","20":"purchasable","21":"product-type-variable"},"yoast_head":"<!-- This site is optimized with the Yoast SEO plugin v27.4 - https:\/\/yoast.com\/product\/yoast-seo-wordpress\/ -->\n<title>&#039;Czarna urna rustykalna&#039; - urna r\u0119cznie malowana technik\u0105 decoupage<\/title>\n<meta name=\"description\" content=\"Przedstawiamy nasz\u0105 pi\u0119kn\u0105 Czarn\u0105 Urn\u0119 Rustykaln\u0105 - artystyczn\u0105 urn\u0119 na prochy, kt\u00f3ra z pewno\u015bci\u0105 zachwyci ka\u017cdego mi\u0142o\u015bnika oryginalnych...\" \/>\n<meta name=\"robots\" content=\"index, follow, max-snippet:-1, max-image-preview:large, max-video-preview:-1\" \/>\n<link rel=\"canonical\" href=\"https:\/\/www.rememberme-forever.com\/pl\/produkt\/czarna-urna-rustykalna-urna-recznie-malowana-technika-decoupage\/\" \/>\n<meta property=\"og:locale\" content=\"pl_PL\" \/>\n<meta property=\"og:type\" content=\"article\" \/>\n<meta property=\"og:title\" content=\"&#039;Czarna urna rustykalna&#039; - urna r\u0119cznie malowana technik\u0105 decoupage\" \/>\n<meta property=\"og:description\" content=\"Przedstawiamy nasz\u0105 pi\u0119kn\u0105 Czarn\u0105 Urn\u0119 Rustykaln\u0105 - artystyczn\u0105 urn\u0119 na prochy, kt\u00f3ra z pewno\u015bci\u0105 zachwyci ka\u017cdego mi\u0142o\u015bnika oryginalnych...\" \/>\n<meta property=\"og:url\" content=\"https:\/\/www.rememberme-forever.com\/pl\/produkt\/czarna-urna-rustykalna-urna-recznie-malowana-technika-decoupage\/\" \/>\n<meta property=\"og:site_name\" content=\"Remember Forever\" \/>\n<meta property=\"article:modified_time\" content=\"2026-02-02T13:08:11+00:00\" \/>\n<meta property=\"og:image\" content=\"http:\/\/www.rememberme-forever.com\/wp-content\/uploads\/2023\/05\/czarna-urna-rustykalna.jpg\" \/>\n\t<meta property=\"og:image:width\" content=\"768\" \/>\n\t<meta property=\"og:image:height\" content=\"768\" \/>\n\t<meta property=\"og:image:type\" content=\"image\/jpeg\" \/>\n<meta name=\"twitter:card\" content=\"summary_large_image\" \/>\n<meta name=\"twitter:label1\" content=\"Szacowany czas czytania\" \/>\n\t<meta name=\"twitter:data1\" content=\"2 minuta\" \/>\n<script type=\"application\/ld+json\" class=\"yoast-schema-graph\">{\"@context\":\"https:\\\/\\\/schema.org\",\"@graph\":[{\"@type\":\"WebPage\",\"@id\":\"https:\\\/\\\/www.rememberme-forever.com\\\/pl\\\/produkt\\\/czarna-urna-rustykalna-urna-recznie-malowana-technika-decoupage\\\/\",\"url\":\"https:\\\/\\\/www.rememberme-forever.com\\\/pl\\\/produkt\\\/czarna-urna-rustykalna-urna-recznie-malowana-technika-decoupage\\\/\",\"name\":\"'Czarna urna rustykalna' - urna r\u0119cznie malowana technik\u0105 decoupage\",\"isPartOf\":{\"@id\":\"https:\\\/\\\/www.rememberme-forever.com\\\/pl\\\/#website\"},\"primaryImageOfPage\":{\"@id\":\"https:\\\/\\\/www.rememberme-forever.com\\\/pl\\\/produkt\\\/czarna-urna-rustykalna-urna-recznie-malowana-technika-decoupage\\\/#primaryimage\"},\"image\":{\"@id\":\"https:\\\/\\\/www.rememberme-forever.com\\\/pl\\\/produkt\\\/czarna-urna-rustykalna-urna-recznie-malowana-technika-decoupage\\\/#primaryimage\"},\"thumbnailUrl\":\"https:\\\/\\\/www.rememberme-forever.com\\\/wp-content\\\/uploads\\\/2023\\\/05\\\/czarna-urna-rustykalna.jpg\",\"datePublished\":\"2023-05-05T09:30:37+00:00\",\"dateModified\":\"2026-02-02T13:08:11+00:00\",\"description\":\"Przedstawiamy nasz\u0105 pi\u0119kn\u0105 Czarn\u0105 Urn\u0119 Rustykaln\u0105 - artystyczn\u0105 urn\u0119 na prochy, kt\u00f3ra z pewno\u015bci\u0105 zachwyci ka\u017cdego mi\u0142o\u015bnika oryginalnych...\",\"breadcrumb\":{\"@id\":\"https:\\\/\\\/www.rememberme-forever.com\\\/pl\\\/produkt\\\/czarna-urna-rustykalna-urna-recznie-malowana-technika-decoupage\\\/#breadcrumb\"},\"inLanguage\":\"pl-PL\",\"potentialAction\":[{\"@type\":\"ReadAction\",\"target\":[\"https:\\\/\\\/www.rememberme-forever.com\\\/pl\\\/produkt\\\/czarna-urna-rustykalna-urna-recznie-malowana-technika-decoupage\\\/\"]}]},{\"@type\":\"ImageObject\",\"inLanguage\":\"pl-PL\",\"@id\":\"https:\\\/\\\/www.rememberme-forever.com\\\/pl\\\/produkt\\\/czarna-urna-rustykalna-urna-recznie-malowana-technika-decoupage\\\/#primaryimage\",\"url\":\"https:\\\/\\\/www.rememberme-forever.com\\\/wp-content\\\/uploads\\\/2023\\\/05\\\/czarna-urna-rustykalna.jpg\",\"contentUrl\":\"https:\\\/\\\/www.rememberme-forever.com\\\/wp-content\\\/uploads\\\/2023\\\/05\\\/czarna-urna-rustykalna.jpg\",\"width\":768,\"height\":768,\"caption\":\"czarna urna rustykalna\"},{\"@type\":\"BreadcrumbList\",\"@id\":\"https:\\\/\\\/www.rememberme-forever.com\\\/pl\\\/produkt\\\/czarna-urna-rustykalna-urna-recznie-malowana-technika-decoupage\\\/#breadcrumb\",\"itemListElement\":[{\"@type\":\"ListItem\",\"position\":1,\"name\":\"Home\",\"item\":\"https:\\\/\\\/www.rememberme-forever.com\\\/pl\\\/strona-glowna\\\/\"},{\"@type\":\"ListItem\",\"position\":2,\"name\":\"Sklep\",\"item\":\"https:\\\/\\\/www.rememberme-forever.com\\\/pl\\\/sklep-2\\\/\"},{\"@type\":\"ListItem\",\"position\":3,\"name\":\"&#8216;Czarna urna rustykalna&#8217; &#8211; urna r\u0119cznie malowana technik\u0105 decoupage\"}]},{\"@type\":\"WebSite\",\"@id\":\"https:\\\/\\\/www.rememberme-forever.com\\\/pl\\\/#website\",\"url\":\"https:\\\/\\\/www.rememberme-forever.com\\\/pl\\\/\",\"name\":\"Remember Forever\",\"description\":\"Cremation urns, funeral urns, urns for ashes\",\"publisher\":{\"@id\":\"https:\\\/\\\/www.rememberme-forever.com\\\/pl\\\/#organization\"},\"potentialAction\":[{\"@type\":\"SearchAction\",\"target\":{\"@type\":\"EntryPoint\",\"urlTemplate\":\"https:\\\/\\\/www.rememberme-forever.com\\\/pl\\\/?s={search_term_string}\"},\"query-input\":{\"@type\":\"PropertyValueSpecification\",\"valueRequired\":true,\"valueName\":\"search_term_string\"}}],\"inLanguage\":\"pl-PL\"},{\"@type\":\"Organization\",\"@id\":\"https:\\\/\\\/www.rememberme-forever.com\\\/pl\\\/#organization\",\"name\":\"Remember Forever\",\"url\":\"https:\\\/\\\/www.rememberme-forever.com\\\/pl\\\/\",\"logo\":{\"@type\":\"ImageObject\",\"inLanguage\":\"pl-PL\",\"@id\":\"https:\\\/\\\/www.rememberme-forever.com\\\/pl\\\/#\\\/schema\\\/logo\\\/image\\\/\",\"url\":\"https:\\\/\\\/www.rememberme-forever.com\\\/wp-content\\\/uploads\\\/2023\\\/02\\\/logo.png\",\"contentUrl\":\"https:\\\/\\\/www.rememberme-forever.com\\\/wp-content\\\/uploads\\\/2023\\\/02\\\/logo.png\",\"width\":300,\"height\":56,\"caption\":\"Remember Forever\"},\"image\":{\"@id\":\"https:\\\/\\\/www.rememberme-forever.com\\\/pl\\\/#\\\/schema\\\/logo\\\/image\\\/\"}}]}<\/script>\n<!-- \/ Yoast SEO plugin. -->","yoast_head_json":{"title":"'Czarna urna rustykalna' - urna r\u0119cznie malowana technik\u0105 decoupage","description":"Przedstawiamy nasz\u0105 pi\u0119kn\u0105 Czarn\u0105 Urn\u0119 Rustykaln\u0105 - artystyczn\u0105 urn\u0119 na prochy, kt\u00f3ra z pewno\u015bci\u0105 zachwyci ka\u017cdego mi\u0142o\u015bnika oryginalnych...","robots":{"index":"index","follow":"follow","max-snippet":"max-snippet:-1","max-image-preview":"max-image-preview:large","max-video-preview":"max-video-preview:-1"},"canonical":"https:\/\/www.rememberme-forever.com\/pl\/produkt\/czarna-urna-rustykalna-urna-recznie-malowana-technika-decoupage\/","og_locale":"pl_PL","og_type":"article","og_title":"'Czarna urna rustykalna' - urna r\u0119cznie malowana technik\u0105 decoupage","og_description":"Przedstawiamy nasz\u0105 pi\u0119kn\u0105 Czarn\u0105 Urn\u0119 Rustykaln\u0105 - artystyczn\u0105 urn\u0119 na prochy, kt\u00f3ra z pewno\u015bci\u0105 zachwyci ka\u017cdego mi\u0142o\u015bnika oryginalnych...","og_url":"https:\/\/www.rememberme-forever.com\/pl\/produkt\/czarna-urna-rustykalna-urna-recznie-malowana-technika-decoupage\/","og_site_name":"Remember Forever","article_modified_time":"2026-02-02T13:08:11+00:00","og_image":[{"width":768,"height":768,"url":"http:\/\/www.rememberme-forever.com\/wp-content\/uploads\/2023\/05\/czarna-urna-rustykalna.jpg","type":"image\/jpeg"}],"twitter_card":"summary_large_image","twitter_misc":{"Szacowany czas czytania":"2 minuta"},"schema":{"@context":"https:\/\/schema.org","@graph":[{"@type":"WebPage","@id":"https:\/\/www.rememberme-forever.com\/pl\/produkt\/czarna-urna-rustykalna-urna-recznie-malowana-technika-decoupage\/","url":"https:\/\/www.rememberme-forever.com\/pl\/produkt\/czarna-urna-rustykalna-urna-recznie-malowana-technika-decoupage\/","name":"'Czarna urna rustykalna' - urna r\u0119cznie malowana technik\u0105 decoupage","isPartOf":{"@id":"https:\/\/www.rememberme-forever.com\/pl\/#website"},"primaryImageOfPage":{"@id":"https:\/\/www.rememberme-forever.com\/pl\/produkt\/czarna-urna-rustykalna-urna-recznie-malowana-technika-decoupage\/#primaryimage"},"image":{"@id":"https:\/\/www.rememberme-forever.com\/pl\/produkt\/czarna-urna-rustykalna-urna-recznie-malowana-technika-decoupage\/#primaryimage"},"thumbnailUrl":"https:\/\/www.rememberme-forever.com\/wp-content\/uploads\/2023\/05\/czarna-urna-rustykalna.jpg","datePublished":"2023-05-05T09:30:37+00:00","dateModified":"2026-02-02T13:08:11+00:00","description":"Przedstawiamy nasz\u0105 pi\u0119kn\u0105 Czarn\u0105 Urn\u0119 Rustykaln\u0105 - artystyczn\u0105 urn\u0119 na prochy, kt\u00f3ra z pewno\u015bci\u0105 zachwyci ka\u017cdego mi\u0142o\u015bnika oryginalnych...","breadcrumb":{"@id":"https:\/\/www.rememberme-forever.com\/pl\/produkt\/czarna-urna-rustykalna-urna-recznie-malowana-technika-decoupage\/#breadcrumb"},"inLanguage":"pl-PL","potentialAction":[{"@type":"ReadAction","target":["https:\/\/www.rememberme-forever.com\/pl\/produkt\/czarna-urna-rustykalna-urna-recznie-malowana-technika-decoupage\/"]}]},{"@type":"ImageObject","inLanguage":"pl-PL","@id":"https:\/\/www.rememberme-forever.com\/pl\/produkt\/czarna-urna-rustykalna-urna-recznie-malowana-technika-decoupage\/#primaryimage","url":"https:\/\/www.rememberme-forever.com\/wp-content\/uploads\/2023\/05\/czarna-urna-rustykalna.jpg","contentUrl":"https:\/\/www.rememberme-forever.com\/wp-content\/uploads\/2023\/05\/czarna-urna-rustykalna.jpg","width":768,"height":768,"caption":"czarna urna rustykalna"},{"@type":"BreadcrumbList","@id":"https:\/\/www.rememberme-forever.com\/pl\/produkt\/czarna-urna-rustykalna-urna-recznie-malowana-technika-decoupage\/#breadcrumb","itemListElement":[{"@type":"ListItem","position":1,"name":"Home","item":"https:\/\/www.rememberme-forever.com\/pl\/strona-glowna\/"},{"@type":"ListItem","position":2,"name":"Sklep","item":"https:\/\/www.rememberme-forever.com\/pl\/sklep-2\/"},{"@type":"ListItem","position":3,"name":"&#8216;Czarna urna rustykalna&#8217; &#8211; urna r\u0119cznie malowana technik\u0105 decoupage"}]},{"@type":"WebSite","@id":"https:\/\/www.rememberme-forever.com\/pl\/#website","url":"https:\/\/www.rememberme-forever.com\/pl\/","name":"Remember Forever","description":"Cremation urns, funeral urns, urns for ashes","publisher":{"@id":"https:\/\/www.rememberme-forever.com\/pl\/#organization"},"potentialAction":[{"@type":"SearchAction","target":{"@type":"EntryPoint","urlTemplate":"https:\/\/www.rememberme-forever.com\/pl\/?s={search_term_string}"},"query-input":{"@type":"PropertyValueSpecification","valueRequired":true,"valueName":"search_term_string"}}],"inLanguage":"pl-PL"},{"@type":"Organization","@id":"https:\/\/www.rememberme-forever.com\/pl\/#organization","name":"Remember Forever","url":"https:\/\/www.rememberme-forever.com\/pl\/","logo":{"@type":"ImageObject","inLanguage":"pl-PL","@id":"https:\/\/www.rememberme-forever.com\/pl\/#\/schema\/logo\/image\/","url":"https:\/\/www.rememberme-forever.com\/wp-content\/uploads\/2023\/02\/logo.png","contentUrl":"https:\/\/www.rememberme-forever.com\/wp-content\/uploads\/2023\/02\/logo.png","width":300,"height":56,"caption":"Remember Forever"},"image":{"@id":"https:\/\/www.rememberme-forever.com\/pl\/#\/schema\/logo\/image\/"}}]}},"acf":[],"_links":{"self":[{"href":"https:\/\/www.rememberme-forever.com\/pl\/wp-json\/wp\/v2\/product\/6587","targetHints":{"allow":["GET"]}}],"collection":[{"href":"https:\/\/www.rememberme-forever.com\/pl\/wp-json\/wp\/v2\/product"}],"about":[{"href":"https:\/\/www.rememberme-forever.com\/pl\/wp-json\/wp\/v2\/types\/product"}],"wp:featuredmedia":[{"embeddable":true,"href":"https:\/\/www.rememberme-forever.com\/pl\/wp-json\/wp\/v2\/media\/6594"}],"wp:attachment":[{"href":"https:\/\/www.rememberme-forever.com\/pl\/wp-json\/wp\/v2\/media?parent=6587"}],"wp:term":[{"taxonomy":"product_brand","embeddable":true,"href":"https:\/\/www.rememberme-forever.com\/pl\/wp-json\/wp\/v2\/product_brand?post=6587"},{"taxonomy":"product_cat","embeddable":true,"href":"https:\/\/www.rememberme-forever.com\/pl\/wp-json\/wp\/v2\/product_cat?post=6587"},{"taxonomy":"product_tag","embeddable":true,"href":"https:\/\/www.rememberme-forever.com\/pl\/wp-json\/wp\/v2\/product_tag?post=6587"}],"curies":[{"name":"wp","href":"https:\/\/api.w.org\/{rel}","templated":true}]}}