{"id":6596,"date":"2023-05-05T11:57:16","date_gmt":"2023-05-05T09:57:16","guid":{"rendered":"http:\/\/www.rememberme-forever.com\/?post_type=product&#038;p=6596"},"modified":"2026-02-02T14:08:11","modified_gmt":"2026-02-02T13:08:11","slug":"zachod-slonca-urna-na-prochy-z-pieknym-krajobrazem","status":"publish","type":"product","link":"https:\/\/www.rememberme-forever.com\/pl\/produkt\/zachod-slonca-urna-na-prochy-z-pieknym-krajobrazem\/","title":{"rendered":"&#8217;Zach\u00f3d s\u0142o\u0144ca&#8217; &#8211; urna na prochy z pi\u0119knym krajobrazem"},"content":{"rendered":"<div style=\"width: 100%; margin-bottom: 40px; height: max-content; padding-bottom: 60%; position: relative;\"><iframe style=\"position: absolute; top: 0; left: 0; width: 100%; height: 100%;\" src=\"https:\/\/rememberme-urns.com\/sunset-cremation-urn\/\" frameborder=\"0\"><\/iframe><\/div>\n<div style=\"color: red; text-align: center; margin-bottom: 25px;\">\n<p>&gt;&gt; Obrotowe zdj\u0119cie &#8211; dotknij\/zbli\u017c &lt;&lt;<\/p>\n<\/div>\n<h2 style=\"text-align: center;\">&#8217;Zach\u00f3d s\u0142o\u0144ca&#8217; &#8211; urna na prochy z pi\u0119knym krajobrazem<\/h2>\n<p style=\"text-align: center;\">&#8217;Zach\u00f3d s\u0142o\u0144ca&#8217; to pi\u0119kna i artystyczna urna na prochy, kt\u00f3ra zapewni Twojej ukochanej osobie spokojny i godny spoczynek. R\u0119cznie malowany krajobraz na tej urnie przedstawia zach\u00f3d s\u0142o\u0144ca, kt\u00f3ry symbolizuje spok\u00f3j i przemijanie. Ta urna zosta\u0142a wykonana z kuli ze stali nierdzewnej i podstawy z marmuru, co czyni j\u0105 nie tylko pi\u0119kn\u0105, ale i trwa\u0142\u0105.<\/p>\n<p style=\"text-align: center;\">Na przodzie marmurowej podstawy znajduje si\u0119 podw\u00f3jne srebrne serce, kt\u00f3re symbolizuje wieczn\u0105 mi\u0142o\u015b\u0107 i blisko\u015b\u0107 pomi\u0119dzy Tob\u0105 a Twoim zmar\u0142ym bliskim. Istnieje r\u00f3wnie\u017c mo\u017cliwo\u015b\u0107 dodania grawerowanej plakietki z w\u0142asnym tekstem, dzi\u0119ki czemu mo\u017cesz spersonalizowa\u0107 t\u0119 urn\u0119 i uczci\u0107 pami\u0119\u0107 swojego ukochanego w spos\u00f3b wyj\u0105tkowy i osobisty.<\/p>\n<p style=\"text-align: center;\">Prochy wsypuje si\u0119 przez dolny zakr\u0119cany otw\u00f3r, kt\u00f3ry gwarantuje dyskrecj\u0119 i bezpieczne przechowywanie. Ta pi\u0119kna urna na prochy b\u0119dzie stanowi\u0107 wieczn\u0105 pami\u0105tk\u0119 Twojego bliskiego, oddaj\u0105c ho\u0142d ich \u017cyciu i dziedzictwu. 'Zach\u00f3d s\u0142o\u0144ca&#8217; to doskona\u0142y wyb\u00f3r dla tych, kt\u00f3rzy chc\u0105 uczci\u0107 pami\u0119\u0107 bliskiej osoby w pi\u0119kny i artystyczny spos\u00f3b.<\/p>\n<p style=\"text-align: center;\">Wyj\u0105tkowa urna o g\u0142\u0119bokiej symbolice przemijania wspaniale b\u0119dzie si\u0119 prezentowa\u0107 na uroczysto\u015bci pogrzebowej i zapadnie na d\u0142ugo w pami\u0119ci.<\/p>\n<p style=\"text-align: center;\"><em><strong>Produkt jest r\u0119cznie malowany przez artyst\u0119, urny nieznacznie r\u00f3\u017cni\u0105 si\u0119 od siebie detalami, co jest wynikiem r\u0119cznej pracy.<\/strong><\/em><\/p>\n<p>&nbsp;<\/p>\n<p style=\"text-align: center;\"><span class=\"jCAhz ChMk0b\"><span class=\"ryNqvb\">\u2611\ufe0f Naro\u017cniki marmurowej podstawy mog\u0105 by\u0107 zaokr\u0105glone lub mie\u0107 k\u0105t prosty, w zale\u017cno\u015bci od aktualnego stanu magazynowego.<\/span><\/span> <span class=\"jCAhz ChMk0b\"><span class=\"ryNqvb\">Je\u015bli masz jakie\u015b preferencje dotycz\u0105ce naro\u017cnik\u00f3w podstawy, skontaktuj si\u0119 z nami przed dokonaniem zakupu.<\/span><\/span><\/p>\n<p>&nbsp;<\/p>\n<p style=\"text-align: center;\"><strong>Dolny otw\u00f3r do wsypania proch\u00f3w:<\/strong><\/p>\n<p><img loading=\"lazy\" decoding=\"async\" class=\" wp-image-1000 aligncenter\" src=\"http:\/\/www.rememberme-forever.com\/wp-content\/uploads\/2023\/04\/steel-urn-opening-295x300.jpg\" alt=\"steel urn opening\" width=\"179\" height=\"182\" srcset=\"https:\/\/www.rememberme-forever.com\/wp-content\/uploads\/2023\/04\/steel-urn-opening-295x300.jpg 295w, https:\/\/www.rememberme-forever.com\/wp-content\/uploads\/2023\/04\/steel-urn-opening-768x781.jpg 768w, https:\/\/www.rememberme-forever.com\/wp-content\/uploads\/2023\/04\/steel-urn-opening-600x610.jpg 600w, https:\/\/www.rememberme-forever.com\/wp-content\/uploads\/2023\/04\/steel-urn-opening-64x65.jpg 64w, https:\/\/www.rememberme-forever.com\/wp-content\/uploads\/2023\/04\/steel-urn-opening.jpg 1007w\" sizes=\"auto, (max-width: 179px) 100vw, 179px\" \/><\/p>\n<p>&nbsp;<\/p>\n<h3 style=\"text-align: center;\"><strong>PERSONALIZACJA<\/strong><\/h3>\n<p style=\"text-align: center;\">Je\u015bli wybierzesz grawerowan\u0105 plakietk\u0119 w zestawie z urn\u0105, prze\u015blij tekst w ramce \u201cGrawerowana plakietka\u201d.<\/p>\n<p style=\"text-align: center;\">Tekst do grawerowanej plakietki powinien by\u0107 dostarczony podczas sk\u0142adania zam\u00f3wienia. (Prosz\u0119 nie panikowa\u0107, je\u015bli to przegapisz, poniewa\u017c zawsze mo\u017cesz wys\u0142a\u0107 nam wiadomo\u015b\u0107 p\u00f3\u017aniej.)<\/p>\n<p style=\"text-align: center;\"><img loading=\"lazy\" decoding=\"async\" class=\"alignnone wp-image-1450\" src=\"http:\/\/www.rememberme-forever.com\/wp-content\/uploads\/2023\/04\/memorial-plaque-cremation-urn-silver-300x153.jpg\" alt=\"memorial plaque cremation urn silver\" width=\"233\" height=\"119\" \/><\/p>\n<p style=\"text-align: center;\"><em><a name=\"_Hlk108616021\"><\/a><strong>Przed dodaniem produktu do koszyka dok\u0142adnie SPRAWD\u0179 tekst przes\u0142any do grawerowania. Do\u00a0 tekstu kt\u00f3ry otrzymujemy wraz z zam\u00f3wieniem\u00a0 nie wprowadzamy \u017cadnych zmian z naszej strony. Tekst jest grawerowany dok\u0142adnie taki, jaki otrzymujemy od pa\u0144stwa. <\/strong><\/em><\/p>\n<p style=\"text-align: center;\"><em><strong>Sprawd\u017a tekst, aby upewni\u0107 si\u0119, \u017ce pisownia jest poprawna.<\/strong><\/em><\/p>\n<p>&nbsp;<\/p>\n<h3 style=\"text-align: center;\"><strong>Jak przesypa\u0107 prochy do tego typu urny?<\/strong><\/h3>\n<p><iframe loading=\"lazy\" title=\"How to Fill An Urn | How to Transfer Ashes in an Urn -  Always in my Heart Stainless Steel Urn\" width=\"640\" height=\"360\" src=\"https:\/\/www.youtube.com\/embed\/RJpJECh-Mns?feature=oembed\" frameborder=\"0\" allow=\"accelerometer; autoplay; clipboard-write; encrypted-media; gyroscope; picture-in-picture; web-share\" referrerpolicy=\"strict-origin-when-cross-origin\" allowfullscreen><\/iframe><\/p>\n","protected":false},"excerpt":{"rendered":"<p><em><strong>Urna odpowiednia dla osoby o masie cia\u0142a 102 kg lub mniej.<\/strong><\/em><\/p>\n<p><b>\u2611\ufe0f <em style=\"color: red;\">Jeste\u015bmy \u015bwiadomi kr\u00f3tkiego czasu na dostarczenie urny. Urn\u0119 zam\u00f3wion\u0105 do godz. 12.00 w dzie\u0144 roboczy wysy\u0142amy natychmiast.\u00a0<\/em><\/b><\/p>\n","protected":false},"featured_media":7908,"template":"","meta":{"_acf_changed":false},"product_brand":[],"product_cat":[78,139],"product_tag":[3347,995,1012,977,1009,994,1010,1006,1011,962,1007],"class_list":{"0":"post-6596","1":"product","2":"type-product","3":"status-publish","4":"has-post-thumbnail","6":"product_cat-urny-artystyczne","7":"product_cat-urny-metalowe","8":"product_tag-gpsr-metal_stonebase","9":"product_tag-kremacja","10":"product_tag-marmur","11":"product_tag-nostalgia","12":"product_tag-odlatujace-ptaki","13":"product_tag-prochy","14":"product_tag-przemijanie","15":"product_tag-recznie-malowane","16":"product_tag-stal-nierdzewna","17":"product_tag-urna","18":"product_tag-zachod-slonca","19":"product_shipping_class-art-urns-kule-do20cm-pl","21":"first","22":"instock","23":"featured","24":"taxable","25":"shipping-taxable","26":"purchasable","27":"product-type-variable"},"yoast_head":"<!-- This site is optimized with the Yoast SEO plugin v27.4 - https:\/\/yoast.com\/product\/yoast-seo-wordpress\/ -->\n<title>&#039;Zach\u00f3d s\u0142o\u0144ca&#039; - urna na prochy z pi\u0119knym krajobrazem<\/title>\n<meta name=\"description\" content=\"&#039;Zach\u00f3d s\u0142o\u0144ca&#039; to pi\u0119kna i artystyczna urna na prochy, kt\u00f3ra zapewni Twojej ukochanej osobie spokojny i godny spoczynek. R\u0119cznie malowany krajobraz...\" \/>\n<meta name=\"robots\" content=\"index, follow, max-snippet:-1, max-image-preview:large, max-video-preview:-1\" \/>\n<link rel=\"canonical\" href=\"https:\/\/www.rememberme-forever.com\/pl\/produkt\/zachod-slonca-urna-na-prochy-z-pieknym-krajobrazem\/\" \/>\n<meta property=\"og:locale\" content=\"pl_PL\" \/>\n<meta property=\"og:type\" content=\"article\" \/>\n<meta property=\"og:title\" content=\"&#039;Zach\u00f3d s\u0142o\u0144ca&#039; - urna na prochy z pi\u0119knym krajobrazem\" \/>\n<meta property=\"og:description\" content=\"&#039;Zach\u00f3d s\u0142o\u0144ca&#039; to pi\u0119kna i artystyczna urna na prochy, kt\u00f3ra zapewni Twojej ukochanej osobie spokojny i godny spoczynek. R\u0119cznie malowany krajobraz...\" \/>\n<meta property=\"og:url\" content=\"https:\/\/www.rememberme-forever.com\/pl\/produkt\/zachod-slonca-urna-na-prochy-z-pieknym-krajobrazem\/\" \/>\n<meta property=\"og:site_name\" content=\"Remember Forever\" \/>\n<meta property=\"article:modified_time\" content=\"2026-02-02T13:08:11+00:00\" \/>\n<meta property=\"og:image\" content=\"http:\/\/www.rememberme-forever.com\/wp-content\/uploads\/2023\/07\/sunset-decorative-urn-for-ashes.jpg\" \/>\n\t<meta property=\"og:image:width\" content=\"1024\" \/>\n\t<meta property=\"og:image:height\" content=\"1024\" \/>\n\t<meta property=\"og:image:type\" content=\"image\/jpeg\" \/>\n<meta name=\"twitter:card\" content=\"summary_large_image\" \/>\n<meta name=\"twitter:label1\" content=\"Szacowany czas czytania\" \/>\n\t<meta name=\"twitter:data1\" content=\"3 minuta\" \/>\n<script type=\"application\/ld+json\" class=\"yoast-schema-graph\">{\"@context\":\"https:\\\/\\\/schema.org\",\"@graph\":[{\"@type\":\"WebPage\",\"@id\":\"https:\\\/\\\/www.rememberme-forever.com\\\/pl\\\/produkt\\\/zachod-slonca-urna-na-prochy-z-pieknym-krajobrazem\\\/\",\"url\":\"https:\\\/\\\/www.rememberme-forever.com\\\/pl\\\/produkt\\\/zachod-slonca-urna-na-prochy-z-pieknym-krajobrazem\\\/\",\"name\":\"'Zach\u00f3d s\u0142o\u0144ca' - urna na prochy z pi\u0119knym krajobrazem\",\"isPartOf\":{\"@id\":\"https:\\\/\\\/www.rememberme-forever.com\\\/pl\\\/#website\"},\"primaryImageOfPage\":{\"@id\":\"https:\\\/\\\/www.rememberme-forever.com\\\/pl\\\/produkt\\\/zachod-slonca-urna-na-prochy-z-pieknym-krajobrazem\\\/#primaryimage\"},\"image\":{\"@id\":\"https:\\\/\\\/www.rememberme-forever.com\\\/pl\\\/produkt\\\/zachod-slonca-urna-na-prochy-z-pieknym-krajobrazem\\\/#primaryimage\"},\"thumbnailUrl\":\"https:\\\/\\\/www.rememberme-forever.com\\\/wp-content\\\/uploads\\\/2023\\\/07\\\/sunset-decorative-urn-for-ashes.jpg\",\"datePublished\":\"2023-05-05T09:57:16+00:00\",\"dateModified\":\"2026-02-02T13:08:11+00:00\",\"description\":\"'Zach\u00f3d s\u0142o\u0144ca' to pi\u0119kna i artystyczna urna na prochy, kt\u00f3ra zapewni Twojej ukochanej osobie spokojny i godny spoczynek. R\u0119cznie malowany krajobraz...\",\"breadcrumb\":{\"@id\":\"https:\\\/\\\/www.rememberme-forever.com\\\/pl\\\/produkt\\\/zachod-slonca-urna-na-prochy-z-pieknym-krajobrazem\\\/#breadcrumb\"},\"inLanguage\":\"pl-PL\",\"potentialAction\":[{\"@type\":\"ReadAction\",\"target\":[\"https:\\\/\\\/www.rememberme-forever.com\\\/pl\\\/produkt\\\/zachod-slonca-urna-na-prochy-z-pieknym-krajobrazem\\\/\"]}]},{\"@type\":\"ImageObject\",\"inLanguage\":\"pl-PL\",\"@id\":\"https:\\\/\\\/www.rememberme-forever.com\\\/pl\\\/produkt\\\/zachod-slonca-urna-na-prochy-z-pieknym-krajobrazem\\\/#primaryimage\",\"url\":\"https:\\\/\\\/www.rememberme-forever.com\\\/wp-content\\\/uploads\\\/2023\\\/07\\\/sunset-decorative-urn-for-ashes.jpg\",\"contentUrl\":\"https:\\\/\\\/www.rememberme-forever.com\\\/wp-content\\\/uploads\\\/2023\\\/07\\\/sunset-decorative-urn-for-ashes.jpg\",\"width\":1024,\"height\":1024,\"caption\":\"sunset decorative urn for ashes, sunset urn\"},{\"@type\":\"BreadcrumbList\",\"@id\":\"https:\\\/\\\/www.rememberme-forever.com\\\/pl\\\/produkt\\\/zachod-slonca-urna-na-prochy-z-pieknym-krajobrazem\\\/#breadcrumb\",\"itemListElement\":[{\"@type\":\"ListItem\",\"position\":1,\"name\":\"Home\",\"item\":\"https:\\\/\\\/www.rememberme-forever.com\\\/pl\\\/strona-glowna\\\/\"},{\"@type\":\"ListItem\",\"position\":2,\"name\":\"Sklep\",\"item\":\"https:\\\/\\\/www.rememberme-forever.com\\\/pl\\\/sklep-2\\\/\"},{\"@type\":\"ListItem\",\"position\":3,\"name\":\"&#8216;Zach\u00f3d s\u0142o\u0144ca&#8217; &#8211; urna na prochy z pi\u0119knym krajobrazem\"}]},{\"@type\":\"WebSite\",\"@id\":\"https:\\\/\\\/www.rememberme-forever.com\\\/pl\\\/#website\",\"url\":\"https:\\\/\\\/www.rememberme-forever.com\\\/pl\\\/\",\"name\":\"Remember Forever\",\"description\":\"Cremation urns, funeral urns, urns for ashes\",\"publisher\":{\"@id\":\"https:\\\/\\\/www.rememberme-forever.com\\\/pl\\\/#organization\"},\"potentialAction\":[{\"@type\":\"SearchAction\",\"target\":{\"@type\":\"EntryPoint\",\"urlTemplate\":\"https:\\\/\\\/www.rememberme-forever.com\\\/pl\\\/?s={search_term_string}\"},\"query-input\":{\"@type\":\"PropertyValueSpecification\",\"valueRequired\":true,\"valueName\":\"search_term_string\"}}],\"inLanguage\":\"pl-PL\"},{\"@type\":\"Organization\",\"@id\":\"https:\\\/\\\/www.rememberme-forever.com\\\/pl\\\/#organization\",\"name\":\"Remember Forever\",\"url\":\"https:\\\/\\\/www.rememberme-forever.com\\\/pl\\\/\",\"logo\":{\"@type\":\"ImageObject\",\"inLanguage\":\"pl-PL\",\"@id\":\"https:\\\/\\\/www.rememberme-forever.com\\\/pl\\\/#\\\/schema\\\/logo\\\/image\\\/\",\"url\":\"https:\\\/\\\/www.rememberme-forever.com\\\/wp-content\\\/uploads\\\/2023\\\/02\\\/logo.png\",\"contentUrl\":\"https:\\\/\\\/www.rememberme-forever.com\\\/wp-content\\\/uploads\\\/2023\\\/02\\\/logo.png\",\"width\":300,\"height\":56,\"caption\":\"Remember Forever\"},\"image\":{\"@id\":\"https:\\\/\\\/www.rememberme-forever.com\\\/pl\\\/#\\\/schema\\\/logo\\\/image\\\/\"}}]}<\/script>\n<!-- \/ Yoast SEO plugin. -->","yoast_head_json":{"title":"'Zach\u00f3d s\u0142o\u0144ca' - urna na prochy z pi\u0119knym krajobrazem","description":"'Zach\u00f3d s\u0142o\u0144ca' to pi\u0119kna i artystyczna urna na prochy, kt\u00f3ra zapewni Twojej ukochanej osobie spokojny i godny spoczynek. R\u0119cznie malowany krajobraz...","robots":{"index":"index","follow":"follow","max-snippet":"max-snippet:-1","max-image-preview":"max-image-preview:large","max-video-preview":"max-video-preview:-1"},"canonical":"https:\/\/www.rememberme-forever.com\/pl\/produkt\/zachod-slonca-urna-na-prochy-z-pieknym-krajobrazem\/","og_locale":"pl_PL","og_type":"article","og_title":"'Zach\u00f3d s\u0142o\u0144ca' - urna na prochy z pi\u0119knym krajobrazem","og_description":"'Zach\u00f3d s\u0142o\u0144ca' to pi\u0119kna i artystyczna urna na prochy, kt\u00f3ra zapewni Twojej ukochanej osobie spokojny i godny spoczynek. R\u0119cznie malowany krajobraz...","og_url":"https:\/\/www.rememberme-forever.com\/pl\/produkt\/zachod-slonca-urna-na-prochy-z-pieknym-krajobrazem\/","og_site_name":"Remember Forever","article_modified_time":"2026-02-02T13:08:11+00:00","og_image":[{"width":1024,"height":1024,"url":"http:\/\/www.rememberme-forever.com\/wp-content\/uploads\/2023\/07\/sunset-decorative-urn-for-ashes.jpg","type":"image\/jpeg"}],"twitter_card":"summary_large_image","twitter_misc":{"Szacowany czas czytania":"3 minuta"},"schema":{"@context":"https:\/\/schema.org","@graph":[{"@type":"WebPage","@id":"https:\/\/www.rememberme-forever.com\/pl\/produkt\/zachod-slonca-urna-na-prochy-z-pieknym-krajobrazem\/","url":"https:\/\/www.rememberme-forever.com\/pl\/produkt\/zachod-slonca-urna-na-prochy-z-pieknym-krajobrazem\/","name":"'Zach\u00f3d s\u0142o\u0144ca' - urna na prochy z pi\u0119knym krajobrazem","isPartOf":{"@id":"https:\/\/www.rememberme-forever.com\/pl\/#website"},"primaryImageOfPage":{"@id":"https:\/\/www.rememberme-forever.com\/pl\/produkt\/zachod-slonca-urna-na-prochy-z-pieknym-krajobrazem\/#primaryimage"},"image":{"@id":"https:\/\/www.rememberme-forever.com\/pl\/produkt\/zachod-slonca-urna-na-prochy-z-pieknym-krajobrazem\/#primaryimage"},"thumbnailUrl":"https:\/\/www.rememberme-forever.com\/wp-content\/uploads\/2023\/07\/sunset-decorative-urn-for-ashes.jpg","datePublished":"2023-05-05T09:57:16+00:00","dateModified":"2026-02-02T13:08:11+00:00","description":"'Zach\u00f3d s\u0142o\u0144ca' to pi\u0119kna i artystyczna urna na prochy, kt\u00f3ra zapewni Twojej ukochanej osobie spokojny i godny spoczynek. R\u0119cznie malowany krajobraz...","breadcrumb":{"@id":"https:\/\/www.rememberme-forever.com\/pl\/produkt\/zachod-slonca-urna-na-prochy-z-pieknym-krajobrazem\/#breadcrumb"},"inLanguage":"pl-PL","potentialAction":[{"@type":"ReadAction","target":["https:\/\/www.rememberme-forever.com\/pl\/produkt\/zachod-slonca-urna-na-prochy-z-pieknym-krajobrazem\/"]}]},{"@type":"ImageObject","inLanguage":"pl-PL","@id":"https:\/\/www.rememberme-forever.com\/pl\/produkt\/zachod-slonca-urna-na-prochy-z-pieknym-krajobrazem\/#primaryimage","url":"https:\/\/www.rememberme-forever.com\/wp-content\/uploads\/2023\/07\/sunset-decorative-urn-for-ashes.jpg","contentUrl":"https:\/\/www.rememberme-forever.com\/wp-content\/uploads\/2023\/07\/sunset-decorative-urn-for-ashes.jpg","width":1024,"height":1024,"caption":"sunset decorative urn for ashes, sunset urn"},{"@type":"BreadcrumbList","@id":"https:\/\/www.rememberme-forever.com\/pl\/produkt\/zachod-slonca-urna-na-prochy-z-pieknym-krajobrazem\/#breadcrumb","itemListElement":[{"@type":"ListItem","position":1,"name":"Home","item":"https:\/\/www.rememberme-forever.com\/pl\/strona-glowna\/"},{"@type":"ListItem","position":2,"name":"Sklep","item":"https:\/\/www.rememberme-forever.com\/pl\/sklep-2\/"},{"@type":"ListItem","position":3,"name":"&#8216;Zach\u00f3d s\u0142o\u0144ca&#8217; &#8211; urna na prochy z pi\u0119knym krajobrazem"}]},{"@type":"WebSite","@id":"https:\/\/www.rememberme-forever.com\/pl\/#website","url":"https:\/\/www.rememberme-forever.com\/pl\/","name":"Remember Forever","description":"Cremation urns, funeral urns, urns for ashes","publisher":{"@id":"https:\/\/www.rememberme-forever.com\/pl\/#organization"},"potentialAction":[{"@type":"SearchAction","target":{"@type":"EntryPoint","urlTemplate":"https:\/\/www.rememberme-forever.com\/pl\/?s={search_term_string}"},"query-input":{"@type":"PropertyValueSpecification","valueRequired":true,"valueName":"search_term_string"}}],"inLanguage":"pl-PL"},{"@type":"Organization","@id":"https:\/\/www.rememberme-forever.com\/pl\/#organization","name":"Remember Forever","url":"https:\/\/www.rememberme-forever.com\/pl\/","logo":{"@type":"ImageObject","inLanguage":"pl-PL","@id":"https:\/\/www.rememberme-forever.com\/pl\/#\/schema\/logo\/image\/","url":"https:\/\/www.rememberme-forever.com\/wp-content\/uploads\/2023\/02\/logo.png","contentUrl":"https:\/\/www.rememberme-forever.com\/wp-content\/uploads\/2023\/02\/logo.png","width":300,"height":56,"caption":"Remember Forever"},"image":{"@id":"https:\/\/www.rememberme-forever.com\/pl\/#\/schema\/logo\/image\/"}}]}},"acf":[],"_links":{"self":[{"href":"https:\/\/www.rememberme-forever.com\/pl\/wp-json\/wp\/v2\/product\/6596","targetHints":{"allow":["GET"]}}],"collection":[{"href":"https:\/\/www.rememberme-forever.com\/pl\/wp-json\/wp\/v2\/product"}],"about":[{"href":"https:\/\/www.rememberme-forever.com\/pl\/wp-json\/wp\/v2\/types\/product"}],"wp:featuredmedia":[{"embeddable":true,"href":"https:\/\/www.rememberme-forever.com\/pl\/wp-json\/wp\/v2\/media\/7908"}],"wp:attachment":[{"href":"https:\/\/www.rememberme-forever.com\/pl\/wp-json\/wp\/v2\/media?parent=6596"}],"wp:term":[{"taxonomy":"product_brand","embeddable":true,"href":"https:\/\/www.rememberme-forever.com\/pl\/wp-json\/wp\/v2\/product_brand?post=6596"},{"taxonomy":"product_cat","embeddable":true,"href":"https:\/\/www.rememberme-forever.com\/pl\/wp-json\/wp\/v2\/product_cat?post=6596"},{"taxonomy":"product_tag","embeddable":true,"href":"https:\/\/www.rememberme-forever.com\/pl\/wp-json\/wp\/v2\/product_tag?post=6596"}],"curies":[{"name":"wp","href":"https:\/\/api.w.org\/{rel}","templated":true}]}}