{"id":6927,"date":"2023-05-23T08:16:59","date_gmt":"2023-05-23T06:16:59","guid":{"rendered":"http:\/\/www.rememberme-forever.com\/?post_type=product&#038;p=6927"},"modified":"2026-02-02T14:07:35","modified_gmt":"2026-02-02T13:07:35","slug":"czarne-drewniane-pudelko-na-prochy-z-anielskimi-skrzydlami","status":"publish","type":"product","link":"https:\/\/www.rememberme-forever.com\/pl\/produkt\/czarne-drewniane-pudelko-na-prochy-z-anielskimi-skrzydlami\/","title":{"rendered":"Czarne drewniane pude\u0142ko na prochy z  anielskimi skrzyd\u0142ami"},"content":{"rendered":"<div style=\"width: 100%; margin-bottom: 30px; height: max-content; padding-bottom: 60%; position: relative;\"><iframe style=\"position: absolute; top: 0; left: 0; width: 100%; height: 100%;\" src=\"https:\/\/rememberme-urns.com\/wings-urn\/\" frameborder=\"0\"><\/iframe><\/div>\n<div style=\"color: red; text-align: center; margin-bottom: 25px;\">\n<p>&gt;&gt; Obrotowe zdj\u0119cie &#8211; dotknij\/zbli\u017c &lt;&lt;<\/p>\n<\/div>\n<h2 style=\"text-align: center;\">Czarne drewniane pude\u0142ko na prochy z anielskimi skrzyd\u0142ami<\/h2>\n<p style=\"text-align: center;\">Nasze czarne drewniane pude\u0142ko na prochy to artystyczna i symboliczna urna, kt\u00f3ra stanowi wyj\u0105tkowe miejsce spoczynku dla Twojego ukochanego. Kunsztownie wykonane anielskie skrzyd\u0142a nadaj\u0105 tej urnie niezwyk\u0142y urok i symboliczn\u0105 g\u0142\u0119bi\u0119. To pude\u0142ko to nie tylko praktyczne miejsce przechowywania proch\u00f3w, ale tak\u017ce pi\u0119kna ozdoba, kt\u00f3ra wyj\u0105tkowo b\u0119dzie si\u0119 prezentowa\u0107 podczas pogrzebu.<\/p>\n<p style=\"text-align: center;\">Wykonane z wysokiej jako\u015bci drewna, pude\u0142ko zapewnia trwa\u0142o\u015b\u0107 i wytrzyma\u0142o\u015b\u0107 przez wiele lat. Odkr\u0119cane dno u\u0142atwia umieszczenie proch\u00f3w w plastikowym worku, kt\u00f3ry dodatkowo chroni prochy. Mo\u017cliwo\u015b\u0107 do\u0142o\u017cenia grawerowanej plakietki z w\u0142asnym tekstem.<\/p>\n<p style=\"text-align: center;\">To czarne drewniane pude\u0142ko na prochy z anielskimi skrzyd\u0142ami jest nie tylko praktycznym miejscem przechowywania proch\u00f3w, ale r\u00f3wnie\u017c pi\u0119kn\u0105 i symboliczn\u0105 urn\u0105. To jest wyj\u0105tkowy spos\u00f3b na wyra\u017cenie mi\u0142o\u015bci, pami\u0119ci i szacunku wobec osoby, kt\u00f3ra odesz\u0142a. Niezale\u017cnie od tego, czy jest wykorzystywane jako cz\u0119\u015b\u0107 ceremonii pogrzebowej, to pude\u0142ko b\u0119dzie stanowi\u0142o pi\u0119kn\u0105 i znacz\u0105c\u0105 cz\u0119\u015b\u0107 upami\u0119tnienia bliskiej osoby.<\/p>\n<p><iframe loading=\"lazy\" title=\"Wooden Urns Part 3: Black Box For Ashes\" width=\"640\" height=\"360\" src=\"https:\/\/www.youtube.com\/embed\/QPZvx9YIDxE?feature=oembed\" frameborder=\"0\" allow=\"accelerometer; autoplay; clipboard-write; encrypted-media; gyroscope; picture-in-picture; web-share\" referrerpolicy=\"strict-origin-when-cross-origin\" allowfullscreen><\/iframe><\/p>\n<p>&nbsp;<\/p>\n<h3 style=\"text-align: center;\"><strong>PERSONALIZACJA<\/strong><\/h3>\n<p style=\"text-align: center;\">Je\u015bli wybierzesz grawerowan\u0105 plakietk\u0119 w zestawie z urn\u0105, prze\u015blij tekst w ramce \u201cGrawerowana plakietka\u201d.<\/p>\n<p style=\"text-align: center;\">Tekst do grawerowanej plakietki powinien by\u0107 dostarczony podczas sk\u0142adania zam\u00f3wienia. (Prosz\u0119 nie panikowa\u0107, je\u015bli to przegapisz, poniewa\u017c zawsze mo\u017cesz wys\u0142a\u0107 nam wiadomo\u015b\u0107 p\u00f3\u017aniej.)<\/p>\n<p style=\"text-align: center;\"><img loading=\"lazy\" decoding=\"async\" class=\" wp-image-1449 aligncenter\" src=\"http:\/\/www.rememberme-forever.com\/wp-content\/uploads\/2023\/04\/memorial-plaque-cremation-urn-silver-300x153.jpg\" alt=\"memorial plaque cremation urn silver\" width=\"249\" height=\"127\" srcset=\"https:\/\/www.rememberme-forever.com\/wp-content\/uploads\/2023\/04\/memorial-plaque-cremation-urn-silver-300x153.jpg 300w, https:\/\/www.rememberme-forever.com\/wp-content\/uploads\/2023\/04\/memorial-plaque-cremation-urn-silver-64x33.jpg 64w, https:\/\/www.rememberme-forever.com\/wp-content\/uploads\/2023\/04\/memorial-plaque-cremation-urn-silver.jpg 448w\" sizes=\"auto, (max-width: 249px) 100vw, 249px\" \/><\/p>\n<p style=\"text-align: center;\"><em><a name=\"_Hlk108616021\"><\/a><strong>Przed dodaniem produktu do koszyka dok\u0142adnie SPRAWD\u0179 tekst przes\u0142any do grawerowania. Do\u00a0 tekstu kt\u00f3ry otrzymujemy wraz z zam\u00f3wieniem\u00a0 nie wprowadzamy \u017cadnych zmian z naszej strony. Tekst jest grawerowany dok\u0142adnie taki, jaki otrzymujemy od pa\u0144stwa.<\/strong><\/em><\/p>\n<p style=\"text-align: center;\"><em><strong>Sprawd\u017a tekst, aby upewni\u0107 si\u0119, \u017ce pisownia jest poprawna.<\/strong><\/em><\/p>\n","protected":false},"excerpt":{"rendered":"<p><em><strong>Urna pomie\u015bci prochy zmar\u0142ej osoby o wadze cia\u0142a 109kg lub mniej.<\/strong><\/em><\/p>\n<p><b>\u2611\ufe0f <em style=\"color: red;\">Jeste\u015bmy \u015bwiadomi kr\u00f3tkiego czasu na dostarczenie urny. Urn\u0119 zam\u00f3wion\u0105 do godz. 12.00 w dzie\u0144 roboczy wysy\u0142amy natychmiast.\u00a0<\/em><\/b><\/p>\n","protected":false},"featured_media":6941,"template":"","meta":{"_acf_changed":false},"product_brand":[],"product_cat":[78,93,136],"product_tag":[3308,995,997,994,993,1600,962],"class_list":{"0":"post-6927","1":"product","2":"type-product","3":"status-publish","4":"has-post-thumbnail","6":"product_cat-urny-artystyczne","7":"product_cat-urny-drewniane","8":"product_cat-urny-tematyczne","9":"product_tag-gpsr-all-wood-urns","10":"product_tag-kremacja","11":"product_tag-pogrzeb","12":"product_tag-prochy","13":"product_tag-pudelko","14":"product_tag-skrzydla","15":"product_tag-urna","16":"product_shipping_class-wood-urns-pl","18":"first","19":"instock","20":"taxable","21":"shipping-taxable","22":"purchasable","23":"product-type-variable"},"yoast_head":"<!-- This site is optimized with the Yoast SEO plugin v27.4 - https:\/\/yoast.com\/product\/yoast-seo-wordpress\/ -->\n<title>Czarne drewniane pude\u0142ko na prochy z anielskimi skrzyd\u0142ami<\/title>\n<meta name=\"description\" content=\"Nasze czarne drewniane pude\u0142ko na prochy z anielskimi skrzyd\u0142ami to artystyczna i symboliczna urna, kt\u00f3ra stanowi wyj\u0105tkowe miejsce spoczynku...\" \/>\n<meta name=\"robots\" content=\"index, follow, max-snippet:-1, max-image-preview:large, max-video-preview:-1\" \/>\n<link rel=\"canonical\" href=\"https:\/\/www.rememberme-forever.com\/pl\/produkt\/czarne-drewniane-pudelko-na-prochy-z-anielskimi-skrzydlami\/\" \/>\n<meta property=\"og:locale\" content=\"pl_PL\" \/>\n<meta property=\"og:type\" content=\"article\" \/>\n<meta property=\"og:title\" content=\"Czarne drewniane pude\u0142ko na prochy z anielskimi skrzyd\u0142ami\" \/>\n<meta property=\"og:description\" content=\"Nasze czarne drewniane pude\u0142ko na prochy z anielskimi skrzyd\u0142ami to artystyczna i symboliczna urna, kt\u00f3ra stanowi wyj\u0105tkowe miejsce spoczynku...\" \/>\n<meta property=\"og:url\" content=\"https:\/\/www.rememberme-forever.com\/pl\/produkt\/czarne-drewniane-pudelko-na-prochy-z-anielskimi-skrzydlami\/\" \/>\n<meta property=\"og:site_name\" content=\"Remember Forever\" \/>\n<meta property=\"article:modified_time\" content=\"2026-02-02T13:07:35+00:00\" \/>\n<meta property=\"og:image\" content=\"http:\/\/www.rememberme-forever.com\/wp-content\/uploads\/2023\/05\/Czarne-drewniane-pudelko-na-prochy-z-anielskimi-skrzydlami.jpg\" \/>\n\t<meta property=\"og:image:width\" content=\"768\" \/>\n\t<meta property=\"og:image:height\" content=\"781\" \/>\n\t<meta property=\"og:image:type\" content=\"image\/jpeg\" \/>\n<meta name=\"twitter:card\" content=\"summary_large_image\" \/>\n<meta name=\"twitter:label1\" content=\"Szacowany czas czytania\" \/>\n\t<meta name=\"twitter:data1\" content=\"2 minuta\" \/>\n<script type=\"application\/ld+json\" class=\"yoast-schema-graph\">{\"@context\":\"https:\\\/\\\/schema.org\",\"@graph\":[{\"@type\":\"WebPage\",\"@id\":\"https:\\\/\\\/www.rememberme-forever.com\\\/pl\\\/produkt\\\/czarne-drewniane-pudelko-na-prochy-z-anielskimi-skrzydlami\\\/\",\"url\":\"https:\\\/\\\/www.rememberme-forever.com\\\/pl\\\/produkt\\\/czarne-drewniane-pudelko-na-prochy-z-anielskimi-skrzydlami\\\/\",\"name\":\"Czarne drewniane pude\u0142ko na prochy z anielskimi skrzyd\u0142ami\",\"isPartOf\":{\"@id\":\"https:\\\/\\\/www.rememberme-forever.com\\\/pl\\\/#website\"},\"primaryImageOfPage\":{\"@id\":\"https:\\\/\\\/www.rememberme-forever.com\\\/pl\\\/produkt\\\/czarne-drewniane-pudelko-na-prochy-z-anielskimi-skrzydlami\\\/#primaryimage\"},\"image\":{\"@id\":\"https:\\\/\\\/www.rememberme-forever.com\\\/pl\\\/produkt\\\/czarne-drewniane-pudelko-na-prochy-z-anielskimi-skrzydlami\\\/#primaryimage\"},\"thumbnailUrl\":\"https:\\\/\\\/www.rememberme-forever.com\\\/wp-content\\\/uploads\\\/2023\\\/05\\\/Czarne-drewniane-pudelko-na-prochy-z-anielskimi-skrzydlami.jpg\",\"datePublished\":\"2023-05-23T06:16:59+00:00\",\"dateModified\":\"2026-02-02T13:07:35+00:00\",\"description\":\"Nasze czarne drewniane pude\u0142ko na prochy z anielskimi skrzyd\u0142ami to artystyczna i symboliczna urna, kt\u00f3ra stanowi wyj\u0105tkowe miejsce spoczynku...\",\"breadcrumb\":{\"@id\":\"https:\\\/\\\/www.rememberme-forever.com\\\/pl\\\/produkt\\\/czarne-drewniane-pudelko-na-prochy-z-anielskimi-skrzydlami\\\/#breadcrumb\"},\"inLanguage\":\"pl-PL\",\"potentialAction\":[{\"@type\":\"ReadAction\",\"target\":[\"https:\\\/\\\/www.rememberme-forever.com\\\/pl\\\/produkt\\\/czarne-drewniane-pudelko-na-prochy-z-anielskimi-skrzydlami\\\/\"]}]},{\"@type\":\"ImageObject\",\"inLanguage\":\"pl-PL\",\"@id\":\"https:\\\/\\\/www.rememberme-forever.com\\\/pl\\\/produkt\\\/czarne-drewniane-pudelko-na-prochy-z-anielskimi-skrzydlami\\\/#primaryimage\",\"url\":\"https:\\\/\\\/www.rememberme-forever.com\\\/wp-content\\\/uploads\\\/2023\\\/05\\\/Czarne-drewniane-pudelko-na-prochy-z-anielskimi-skrzydlami.jpg\",\"contentUrl\":\"https:\\\/\\\/www.rememberme-forever.com\\\/wp-content\\\/uploads\\\/2023\\\/05\\\/Czarne-drewniane-pudelko-na-prochy-z-anielskimi-skrzydlami.jpg\",\"width\":768,\"height\":781,\"caption\":\"Czarne drewniane pude\u0142ko na prochy z anielskimi skrzyd\u0142ami\"},{\"@type\":\"BreadcrumbList\",\"@id\":\"https:\\\/\\\/www.rememberme-forever.com\\\/pl\\\/produkt\\\/czarne-drewniane-pudelko-na-prochy-z-anielskimi-skrzydlami\\\/#breadcrumb\",\"itemListElement\":[{\"@type\":\"ListItem\",\"position\":1,\"name\":\"Home\",\"item\":\"https:\\\/\\\/www.rememberme-forever.com\\\/pl\\\/strona-glowna\\\/\"},{\"@type\":\"ListItem\",\"position\":2,\"name\":\"Sklep\",\"item\":\"https:\\\/\\\/www.rememberme-forever.com\\\/pl\\\/sklep-2\\\/\"},{\"@type\":\"ListItem\",\"position\":3,\"name\":\"Czarne drewniane pude\u0142ko na prochy z anielskimi skrzyd\u0142ami\"}]},{\"@type\":\"WebSite\",\"@id\":\"https:\\\/\\\/www.rememberme-forever.com\\\/pl\\\/#website\",\"url\":\"https:\\\/\\\/www.rememberme-forever.com\\\/pl\\\/\",\"name\":\"Remember Forever\",\"description\":\"Cremation urns, funeral urns, urns for ashes\",\"publisher\":{\"@id\":\"https:\\\/\\\/www.rememberme-forever.com\\\/pl\\\/#organization\"},\"potentialAction\":[{\"@type\":\"SearchAction\",\"target\":{\"@type\":\"EntryPoint\",\"urlTemplate\":\"https:\\\/\\\/www.rememberme-forever.com\\\/pl\\\/?s={search_term_string}\"},\"query-input\":{\"@type\":\"PropertyValueSpecification\",\"valueRequired\":true,\"valueName\":\"search_term_string\"}}],\"inLanguage\":\"pl-PL\"},{\"@type\":\"Organization\",\"@id\":\"https:\\\/\\\/www.rememberme-forever.com\\\/pl\\\/#organization\",\"name\":\"Remember Forever\",\"url\":\"https:\\\/\\\/www.rememberme-forever.com\\\/pl\\\/\",\"logo\":{\"@type\":\"ImageObject\",\"inLanguage\":\"pl-PL\",\"@id\":\"https:\\\/\\\/www.rememberme-forever.com\\\/pl\\\/#\\\/schema\\\/logo\\\/image\\\/\",\"url\":\"https:\\\/\\\/www.rememberme-forever.com\\\/wp-content\\\/uploads\\\/2023\\\/02\\\/logo.png\",\"contentUrl\":\"https:\\\/\\\/www.rememberme-forever.com\\\/wp-content\\\/uploads\\\/2023\\\/02\\\/logo.png\",\"width\":300,\"height\":56,\"caption\":\"Remember Forever\"},\"image\":{\"@id\":\"https:\\\/\\\/www.rememberme-forever.com\\\/pl\\\/#\\\/schema\\\/logo\\\/image\\\/\"}}]}<\/script>\n<!-- \/ Yoast SEO plugin. -->","yoast_head_json":{"title":"Czarne drewniane pude\u0142ko na prochy z anielskimi skrzyd\u0142ami","description":"Nasze czarne drewniane pude\u0142ko na prochy z anielskimi skrzyd\u0142ami to artystyczna i symboliczna urna, kt\u00f3ra stanowi wyj\u0105tkowe miejsce spoczynku...","robots":{"index":"index","follow":"follow","max-snippet":"max-snippet:-1","max-image-preview":"max-image-preview:large","max-video-preview":"max-video-preview:-1"},"canonical":"https:\/\/www.rememberme-forever.com\/pl\/produkt\/czarne-drewniane-pudelko-na-prochy-z-anielskimi-skrzydlami\/","og_locale":"pl_PL","og_type":"article","og_title":"Czarne drewniane pude\u0142ko na prochy z anielskimi skrzyd\u0142ami","og_description":"Nasze czarne drewniane pude\u0142ko na prochy z anielskimi skrzyd\u0142ami to artystyczna i symboliczna urna, kt\u00f3ra stanowi wyj\u0105tkowe miejsce spoczynku...","og_url":"https:\/\/www.rememberme-forever.com\/pl\/produkt\/czarne-drewniane-pudelko-na-prochy-z-anielskimi-skrzydlami\/","og_site_name":"Remember Forever","article_modified_time":"2026-02-02T13:07:35+00:00","og_image":[{"width":768,"height":781,"url":"http:\/\/www.rememberme-forever.com\/wp-content\/uploads\/2023\/05\/Czarne-drewniane-pudelko-na-prochy-z-anielskimi-skrzydlami.jpg","type":"image\/jpeg"}],"twitter_card":"summary_large_image","twitter_misc":{"Szacowany czas czytania":"2 minuta"},"schema":{"@context":"https:\/\/schema.org","@graph":[{"@type":"WebPage","@id":"https:\/\/www.rememberme-forever.com\/pl\/produkt\/czarne-drewniane-pudelko-na-prochy-z-anielskimi-skrzydlami\/","url":"https:\/\/www.rememberme-forever.com\/pl\/produkt\/czarne-drewniane-pudelko-na-prochy-z-anielskimi-skrzydlami\/","name":"Czarne drewniane pude\u0142ko na prochy z anielskimi skrzyd\u0142ami","isPartOf":{"@id":"https:\/\/www.rememberme-forever.com\/pl\/#website"},"primaryImageOfPage":{"@id":"https:\/\/www.rememberme-forever.com\/pl\/produkt\/czarne-drewniane-pudelko-na-prochy-z-anielskimi-skrzydlami\/#primaryimage"},"image":{"@id":"https:\/\/www.rememberme-forever.com\/pl\/produkt\/czarne-drewniane-pudelko-na-prochy-z-anielskimi-skrzydlami\/#primaryimage"},"thumbnailUrl":"https:\/\/www.rememberme-forever.com\/wp-content\/uploads\/2023\/05\/Czarne-drewniane-pudelko-na-prochy-z-anielskimi-skrzydlami.jpg","datePublished":"2023-05-23T06:16:59+00:00","dateModified":"2026-02-02T13:07:35+00:00","description":"Nasze czarne drewniane pude\u0142ko na prochy z anielskimi skrzyd\u0142ami to artystyczna i symboliczna urna, kt\u00f3ra stanowi wyj\u0105tkowe miejsce spoczynku...","breadcrumb":{"@id":"https:\/\/www.rememberme-forever.com\/pl\/produkt\/czarne-drewniane-pudelko-na-prochy-z-anielskimi-skrzydlami\/#breadcrumb"},"inLanguage":"pl-PL","potentialAction":[{"@type":"ReadAction","target":["https:\/\/www.rememberme-forever.com\/pl\/produkt\/czarne-drewniane-pudelko-na-prochy-z-anielskimi-skrzydlami\/"]}]},{"@type":"ImageObject","inLanguage":"pl-PL","@id":"https:\/\/www.rememberme-forever.com\/pl\/produkt\/czarne-drewniane-pudelko-na-prochy-z-anielskimi-skrzydlami\/#primaryimage","url":"https:\/\/www.rememberme-forever.com\/wp-content\/uploads\/2023\/05\/Czarne-drewniane-pudelko-na-prochy-z-anielskimi-skrzydlami.jpg","contentUrl":"https:\/\/www.rememberme-forever.com\/wp-content\/uploads\/2023\/05\/Czarne-drewniane-pudelko-na-prochy-z-anielskimi-skrzydlami.jpg","width":768,"height":781,"caption":"Czarne drewniane pude\u0142ko na prochy z anielskimi skrzyd\u0142ami"},{"@type":"BreadcrumbList","@id":"https:\/\/www.rememberme-forever.com\/pl\/produkt\/czarne-drewniane-pudelko-na-prochy-z-anielskimi-skrzydlami\/#breadcrumb","itemListElement":[{"@type":"ListItem","position":1,"name":"Home","item":"https:\/\/www.rememberme-forever.com\/pl\/strona-glowna\/"},{"@type":"ListItem","position":2,"name":"Sklep","item":"https:\/\/www.rememberme-forever.com\/pl\/sklep-2\/"},{"@type":"ListItem","position":3,"name":"Czarne drewniane pude\u0142ko na prochy z anielskimi skrzyd\u0142ami"}]},{"@type":"WebSite","@id":"https:\/\/www.rememberme-forever.com\/pl\/#website","url":"https:\/\/www.rememberme-forever.com\/pl\/","name":"Remember Forever","description":"Cremation urns, funeral urns, urns for ashes","publisher":{"@id":"https:\/\/www.rememberme-forever.com\/pl\/#organization"},"potentialAction":[{"@type":"SearchAction","target":{"@type":"EntryPoint","urlTemplate":"https:\/\/www.rememberme-forever.com\/pl\/?s={search_term_string}"},"query-input":{"@type":"PropertyValueSpecification","valueRequired":true,"valueName":"search_term_string"}}],"inLanguage":"pl-PL"},{"@type":"Organization","@id":"https:\/\/www.rememberme-forever.com\/pl\/#organization","name":"Remember Forever","url":"https:\/\/www.rememberme-forever.com\/pl\/","logo":{"@type":"ImageObject","inLanguage":"pl-PL","@id":"https:\/\/www.rememberme-forever.com\/pl\/#\/schema\/logo\/image\/","url":"https:\/\/www.rememberme-forever.com\/wp-content\/uploads\/2023\/02\/logo.png","contentUrl":"https:\/\/www.rememberme-forever.com\/wp-content\/uploads\/2023\/02\/logo.png","width":300,"height":56,"caption":"Remember Forever"},"image":{"@id":"https:\/\/www.rememberme-forever.com\/pl\/#\/schema\/logo\/image\/"}}]}},"acf":[],"_links":{"self":[{"href":"https:\/\/www.rememberme-forever.com\/pl\/wp-json\/wp\/v2\/product\/6927","targetHints":{"allow":["GET"]}}],"collection":[{"href":"https:\/\/www.rememberme-forever.com\/pl\/wp-json\/wp\/v2\/product"}],"about":[{"href":"https:\/\/www.rememberme-forever.com\/pl\/wp-json\/wp\/v2\/types\/product"}],"wp:featuredmedia":[{"embeddable":true,"href":"https:\/\/www.rememberme-forever.com\/pl\/wp-json\/wp\/v2\/media\/6941"}],"wp:attachment":[{"href":"https:\/\/www.rememberme-forever.com\/pl\/wp-json\/wp\/v2\/media?parent=6927"}],"wp:term":[{"taxonomy":"product_brand","embeddable":true,"href":"https:\/\/www.rememberme-forever.com\/pl\/wp-json\/wp\/v2\/product_brand?post=6927"},{"taxonomy":"product_cat","embeddable":true,"href":"https:\/\/www.rememberme-forever.com\/pl\/wp-json\/wp\/v2\/product_cat?post=6927"},{"taxonomy":"product_tag","embeddable":true,"href":"https:\/\/www.rememberme-forever.com\/pl\/wp-json\/wp\/v2\/product_tag?post=6927"}],"curies":[{"name":"wp","href":"https:\/\/api.w.org\/{rel}","templated":true}]}}