{"id":6933,"date":"2023-05-23T08:19:07","date_gmt":"2023-05-23T06:19:07","guid":{"rendered":"http:\/\/www.rememberme-forever.com\/?post_type=product&#038;p=6933"},"modified":"2026-02-02T14:02:56","modified_gmt":"2026-02-02T13:02:56","slug":"drewniana-urna-kremacyjna-z-ozdobami","status":"publish","type":"product","link":"https:\/\/www.rememberme-forever.com\/pl\/produkt\/drewniana-urna-kremacyjna-z-ozdobami\/","title":{"rendered":"Drewniana urna kremacyjna z ozdobami"},"content":{"rendered":"<div style=\"width: 100%; margin-bottom: 30px; height: max-content; padding-bottom: 60%; position: relative;\"><iframe style=\"position: absolute; top: 0; left: 0; width: 100%; height: 100%;\" src=\"https:\/\/rememberme-urns.com\/wood-urn-box-personalized\/\" frameborder=\"0\"><\/iframe><\/div>\n<div style=\"color: red; text-align: center; margin-bottom: 25px;\">\n<p>&gt;&gt; Obrotowe zdj\u0119cie &#8211; dotknij\/zbli\u017c &lt;&lt;<\/p>\n<\/div>\n<h2 style=\"text-align: center;\">Drewniana urna kremacyjna z ozdobami<\/h2>\n<p style=\"text-align: center;\">Nasza pi\u0119kna drewniana urna kremacyjna z ozdobami to wspania\u0142y ho\u0142d dla dobrze prze\u017cytego \u017cycia. Wnikliwie grawerowany motyw Drzewa \u017bycia symbolizuje po\u0142\u0105czenie mi\u0119dzy niebem a ziemi\u0105 oraz wieczny cykl \u017cycia. Pi\u0119kno tej urny tkwi nie tylko w jej projekcie, lecz tak\u017ce w precyzyjnej i starannej pracy, kt\u00f3ra zosta\u0142a w\u0142o\u017cona przy wykonaniu tej urny. Nasi rzemie\u015blnicy starannie tworz\u0105 ka\u017cd\u0105 urn\u0119 r\u0119cznie, dbaj\u0105c o precyzj\u0119 i tworz\u0105c unikalne pomniki dla Twojej ukochanej osoby.<\/p>\n<p style=\"text-align: center;\">To ponadczasowy i elegancki spos\u00f3b na upami\u0119tnienie pami\u0119ci kogo\u015b wyj\u0105tkowego. Naturalne us\u0142ojenie drewna dodaje projektowi ciep\u0142a i poczucia komfortu. Tradycyjny wygl\u0105d tej drewnianej urny przypadnie do gustu tym, kt\u00f3rzy doceniaj\u0105 prostot\u0119 i pi\u0119kno zawarte w naturalnym drewnie. Zapewnia ono odpowiednie miejsce spoczynku dla pe\u0142nej ilo\u015bci proch\u00f3w doros\u0142ej osoby.<\/p>\n<p style=\"text-align: center;\">Dolne wieko jest zabezpieczone za pomoc\u0105 \u015brub, aby prochy by\u0142y bezpieczne i chronione. Zaleca si\u0119 umieszczenie proch\u00f3w w plastikowym worku.<\/p>\n<p style=\"text-align: center;\">Ta drewniana urna jest trwa\u0142ym ho\u0142dem dla \u017cycia wyj\u0105tkowej osoby i odpowiednim sposobem na zachowanie jej w pami\u0119ci. Motyw Drzewa \u017bycia reprezentuje po\u0142\u0105czenie mi\u0119dzy przesz\u0142o\u015bci\u0105, tera\u017aniejszo\u015bci\u0105 i przysz\u0142o\u015bci\u0105. To symbol wzrostu i si\u0142y oraz przypomnienie, \u017ce \u017cycie jest wieczne.<\/p>\n<p>&nbsp;<\/p>\n<h3 style=\"text-align: center;\"><strong>PERSONALIZACJA<\/strong><\/h3>\n<p style=\"text-align: center;\">Je\u015bli wybierzesz grawerowan\u0105 plakietk\u0119 w zestawie z urn\u0105, prze\u015blij tekst w ramce \u201cGrawerowana plakietka\u201d.<\/p>\n<p style=\"text-align: center;\">Tekst do grawerowanej plakietki powinien by\u0107 dostarczony podczas sk\u0142adania zam\u00f3wienia. (Prosz\u0119 nie panikowa\u0107, je\u015bli to przegapisz, poniewa\u017c zawsze mo\u017cesz wys\u0142a\u0107 nam wiadomo\u015b\u0107 p\u00f3\u017aniej.)<\/p>\n<p style=\"text-align: center;\"><img loading=\"lazy\" decoding=\"async\" class=\" wp-image-1447 aligncenter\" src=\"http:\/\/www.rememberme-forever.com\/wp-content\/uploads\/2023\/04\/memorial-plaque-cremation-urn-gold-300x150.jpg\" sizes=\"auto, (max-width: 208px) 100vw, 208px\" srcset=\"http:\/\/www.rememberme-forever.com\/wp-content\/uploads\/2023\/04\/memorial-plaque-cremation-urn-gold-300x150.jpg 300w, http:\/\/www.rememberme-forever.com\/wp-content\/uploads\/2023\/04\/memorial-plaque-cremation-urn-gold-64x32.jpg 64w, http:\/\/www.rememberme-forever.com\/wp-content\/uploads\/2023\/04\/memorial-plaque-cremation-urn-gold.jpg 448w\" alt=\"memorial plaque cremation urn gold\" width=\"208\" height=\"104\" \/><\/p>\n<p style=\"text-align: center;\"><em><a name=\"_Hlk108616021\"><\/a><strong>Przed dodaniem produktu do koszyka dok\u0142adnie SPRAWD\u0179 tekst przes\u0142any do grawerowania. Do\u00a0 tekstu kt\u00f3ry otrzymujemy wraz z zam\u00f3wieniem\u00a0 nie wprowadzamy \u017cadnych zmian z naszej strony. Tekst jest grawerowany dok\u0142adnie taki, jaki otrzymujemy od pa\u0144stwa.<\/strong><\/em><\/p>\n<p style=\"text-align: center;\"><em><strong>Sprawd\u017a tekst, aby upewni\u0107 si\u0119, \u017ce pisownia jest poprawna.<\/strong><\/em><\/p>\n","protected":false},"excerpt":{"rendered":"<p><em><strong>Urna pomie\u015bci prochy zmar\u0142ej osoby o wadze cia\u0142a 138kg lub mniej.<\/strong><\/em><\/p>\n<p><b>\u2611\ufe0f <em style=\"color: red;\">Jeste\u015bmy \u015bwiadomi kr\u00f3tkiego czasu na dostarczenie urny. Urn\u0119 zam\u00f3wion\u0105 do godz. 12.00 w dzie\u0144 roboczy wysy\u0142amy natychmiast.\u00a0<\/em><\/b><\/p>\n","protected":false},"featured_media":11311,"template":"","meta":{"_acf_changed":false},"product_brand":[],"product_cat":[78,93],"product_tag":[3308,995,1042,1040,997,994,962],"class_list":{"0":"post-6933","1":"product","2":"type-product","3":"status-publish","4":"has-post-thumbnail","6":"product_cat-urny-artystyczne","7":"product_cat-urny-drewniane","8":"product_tag-gpsr-all-wood-urns","9":"product_tag-kremacja","10":"product_tag-krzyzyk","11":"product_tag-lilia","12":"product_tag-pogrzeb","13":"product_tag-prochy","14":"product_tag-urna","15":"product_shipping_class-wood-urns-pl","17":"first","18":"instock","19":"taxable","20":"shipping-taxable","21":"purchasable","22":"product-type-variable"},"yoast_head":"<!-- This site is optimized with the Yoast SEO plugin v27.4 - https:\/\/yoast.com\/product\/yoast-seo-wordpress\/ -->\n<title>Drewniana urna kremacyjna z ozdobami<\/title>\n<meta name=\"description\" content=\"Nasza pi\u0119kna drewniana urna kremacyjna z ozdobami to wspania\u0142y ho\u0142d dla dobrze prze\u017cytego \u017cycia. Wnikliwie grawerowany motyw Drzewa \u017bycia symbolizuje...\" \/>\n<meta name=\"robots\" content=\"index, follow, max-snippet:-1, max-image-preview:large, max-video-preview:-1\" \/>\n<link rel=\"canonical\" href=\"https:\/\/www.rememberme-forever.com\/pl\/produkt\/drewniana-urna-kremacyjna-z-ozdobami\/\" \/>\n<meta property=\"og:locale\" content=\"pl_PL\" \/>\n<meta property=\"og:type\" content=\"article\" \/>\n<meta property=\"og:title\" content=\"Drewniana urna kremacyjna z ozdobami\" \/>\n<meta property=\"og:description\" content=\"Nasza pi\u0119kna drewniana urna kremacyjna z ozdobami to wspania\u0142y ho\u0142d dla dobrze prze\u017cytego \u017cycia. Wnikliwie grawerowany motyw Drzewa \u017bycia symbolizuje...\" \/>\n<meta property=\"og:url\" content=\"https:\/\/www.rememberme-forever.com\/pl\/produkt\/drewniana-urna-kremacyjna-z-ozdobami\/\" \/>\n<meta property=\"og:site_name\" content=\"Remember Forever\" \/>\n<meta property=\"article:modified_time\" content=\"2026-02-02T13:02:56+00:00\" \/>\n<meta property=\"og:image\" content=\"http:\/\/www.rememberme-forever.com\/wp-content\/uploads\/2023\/04\/img_2D_0011.jpg\" \/>\n\t<meta property=\"og:image:width\" content=\"1007\" \/>\n\t<meta property=\"og:image:height\" content=\"1024\" \/>\n\t<meta property=\"og:image:type\" content=\"image\/jpeg\" \/>\n<meta name=\"twitter:card\" content=\"summary_large_image\" \/>\n<meta name=\"twitter:label1\" content=\"Szacowany czas czytania\" \/>\n\t<meta name=\"twitter:data1\" content=\"2 minuta\" \/>\n<script type=\"application\/ld+json\" class=\"yoast-schema-graph\">{\"@context\":\"https:\\\/\\\/schema.org\",\"@graph\":[{\"@type\":\"WebPage\",\"@id\":\"https:\\\/\\\/www.rememberme-forever.com\\\/pl\\\/produkt\\\/drewniana-urna-kremacyjna-z-ozdobami\\\/\",\"url\":\"https:\\\/\\\/www.rememberme-forever.com\\\/pl\\\/produkt\\\/drewniana-urna-kremacyjna-z-ozdobami\\\/\",\"name\":\"Drewniana urna kremacyjna z ozdobami\",\"isPartOf\":{\"@id\":\"https:\\\/\\\/www.rememberme-forever.com\\\/pl\\\/#website\"},\"primaryImageOfPage\":{\"@id\":\"https:\\\/\\\/www.rememberme-forever.com\\\/pl\\\/produkt\\\/drewniana-urna-kremacyjna-z-ozdobami\\\/#primaryimage\"},\"image\":{\"@id\":\"https:\\\/\\\/www.rememberme-forever.com\\\/pl\\\/produkt\\\/drewniana-urna-kremacyjna-z-ozdobami\\\/#primaryimage\"},\"thumbnailUrl\":\"https:\\\/\\\/www.rememberme-forever.com\\\/wp-content\\\/uploads\\\/2023\\\/04\\\/img_2D_0011.jpg\",\"datePublished\":\"2023-05-23T06:19:07+00:00\",\"dateModified\":\"2026-02-02T13:02:56+00:00\",\"description\":\"Nasza pi\u0119kna drewniana urna kremacyjna z ozdobami to wspania\u0142y ho\u0142d dla dobrze prze\u017cytego \u017cycia. Wnikliwie grawerowany motyw Drzewa \u017bycia symbolizuje...\",\"breadcrumb\":{\"@id\":\"https:\\\/\\\/www.rememberme-forever.com\\\/pl\\\/produkt\\\/drewniana-urna-kremacyjna-z-ozdobami\\\/#breadcrumb\"},\"inLanguage\":\"pl-PL\",\"potentialAction\":[{\"@type\":\"ReadAction\",\"target\":[\"https:\\\/\\\/www.rememberme-forever.com\\\/pl\\\/produkt\\\/drewniana-urna-kremacyjna-z-ozdobami\\\/\"]}]},{\"@type\":\"ImageObject\",\"inLanguage\":\"pl-PL\",\"@id\":\"https:\\\/\\\/www.rememberme-forever.com\\\/pl\\\/produkt\\\/drewniana-urna-kremacyjna-z-ozdobami\\\/#primaryimage\",\"url\":\"https:\\\/\\\/www.rememberme-forever.com\\\/wp-content\\\/uploads\\\/2023\\\/04\\\/img_2D_0011.jpg\",\"contentUrl\":\"https:\\\/\\\/www.rememberme-forever.com\\\/wp-content\\\/uploads\\\/2023\\\/04\\\/img_2D_0011.jpg\",\"width\":1007,\"height\":1024,\"caption\":\"Drewniana urna kremacyjna z ozdobami\"},{\"@type\":\"BreadcrumbList\",\"@id\":\"https:\\\/\\\/www.rememberme-forever.com\\\/pl\\\/produkt\\\/drewniana-urna-kremacyjna-z-ozdobami\\\/#breadcrumb\",\"itemListElement\":[{\"@type\":\"ListItem\",\"position\":1,\"name\":\"Home\",\"item\":\"https:\\\/\\\/www.rememberme-forever.com\\\/pl\\\/strona-glowna\\\/\"},{\"@type\":\"ListItem\",\"position\":2,\"name\":\"Sklep\",\"item\":\"https:\\\/\\\/www.rememberme-forever.com\\\/pl\\\/sklep-2\\\/\"},{\"@type\":\"ListItem\",\"position\":3,\"name\":\"Drewniana urna kremacyjna z ozdobami\"}]},{\"@type\":\"WebSite\",\"@id\":\"https:\\\/\\\/www.rememberme-forever.com\\\/pl\\\/#website\",\"url\":\"https:\\\/\\\/www.rememberme-forever.com\\\/pl\\\/\",\"name\":\"Remember Forever\",\"description\":\"Cremation urns, funeral urns, urns for ashes\",\"publisher\":{\"@id\":\"https:\\\/\\\/www.rememberme-forever.com\\\/pl\\\/#organization\"},\"potentialAction\":[{\"@type\":\"SearchAction\",\"target\":{\"@type\":\"EntryPoint\",\"urlTemplate\":\"https:\\\/\\\/www.rememberme-forever.com\\\/pl\\\/?s={search_term_string}\"},\"query-input\":{\"@type\":\"PropertyValueSpecification\",\"valueRequired\":true,\"valueName\":\"search_term_string\"}}],\"inLanguage\":\"pl-PL\"},{\"@type\":\"Organization\",\"@id\":\"https:\\\/\\\/www.rememberme-forever.com\\\/pl\\\/#organization\",\"name\":\"Remember Forever\",\"url\":\"https:\\\/\\\/www.rememberme-forever.com\\\/pl\\\/\",\"logo\":{\"@type\":\"ImageObject\",\"inLanguage\":\"pl-PL\",\"@id\":\"https:\\\/\\\/www.rememberme-forever.com\\\/pl\\\/#\\\/schema\\\/logo\\\/image\\\/\",\"url\":\"https:\\\/\\\/www.rememberme-forever.com\\\/wp-content\\\/uploads\\\/2023\\\/02\\\/logo.png\",\"contentUrl\":\"https:\\\/\\\/www.rememberme-forever.com\\\/wp-content\\\/uploads\\\/2023\\\/02\\\/logo.png\",\"width\":300,\"height\":56,\"caption\":\"Remember Forever\"},\"image\":{\"@id\":\"https:\\\/\\\/www.rememberme-forever.com\\\/pl\\\/#\\\/schema\\\/logo\\\/image\\\/\"}}]}<\/script>\n<!-- \/ Yoast SEO plugin. -->","yoast_head_json":{"title":"Drewniana urna kremacyjna z ozdobami","description":"Nasza pi\u0119kna drewniana urna kremacyjna z ozdobami to wspania\u0142y ho\u0142d dla dobrze prze\u017cytego \u017cycia. Wnikliwie grawerowany motyw Drzewa \u017bycia symbolizuje...","robots":{"index":"index","follow":"follow","max-snippet":"max-snippet:-1","max-image-preview":"max-image-preview:large","max-video-preview":"max-video-preview:-1"},"canonical":"https:\/\/www.rememberme-forever.com\/pl\/produkt\/drewniana-urna-kremacyjna-z-ozdobami\/","og_locale":"pl_PL","og_type":"article","og_title":"Drewniana urna kremacyjna z ozdobami","og_description":"Nasza pi\u0119kna drewniana urna kremacyjna z ozdobami to wspania\u0142y ho\u0142d dla dobrze prze\u017cytego \u017cycia. Wnikliwie grawerowany motyw Drzewa \u017bycia symbolizuje...","og_url":"https:\/\/www.rememberme-forever.com\/pl\/produkt\/drewniana-urna-kremacyjna-z-ozdobami\/","og_site_name":"Remember Forever","article_modified_time":"2026-02-02T13:02:56+00:00","og_image":[{"width":1007,"height":1024,"url":"http:\/\/www.rememberme-forever.com\/wp-content\/uploads\/2023\/04\/img_2D_0011.jpg","type":"image\/jpeg"}],"twitter_card":"summary_large_image","twitter_misc":{"Szacowany czas czytania":"2 minuta"},"schema":{"@context":"https:\/\/schema.org","@graph":[{"@type":"WebPage","@id":"https:\/\/www.rememberme-forever.com\/pl\/produkt\/drewniana-urna-kremacyjna-z-ozdobami\/","url":"https:\/\/www.rememberme-forever.com\/pl\/produkt\/drewniana-urna-kremacyjna-z-ozdobami\/","name":"Drewniana urna kremacyjna z ozdobami","isPartOf":{"@id":"https:\/\/www.rememberme-forever.com\/pl\/#website"},"primaryImageOfPage":{"@id":"https:\/\/www.rememberme-forever.com\/pl\/produkt\/drewniana-urna-kremacyjna-z-ozdobami\/#primaryimage"},"image":{"@id":"https:\/\/www.rememberme-forever.com\/pl\/produkt\/drewniana-urna-kremacyjna-z-ozdobami\/#primaryimage"},"thumbnailUrl":"https:\/\/www.rememberme-forever.com\/wp-content\/uploads\/2023\/04\/img_2D_0011.jpg","datePublished":"2023-05-23T06:19:07+00:00","dateModified":"2026-02-02T13:02:56+00:00","description":"Nasza pi\u0119kna drewniana urna kremacyjna z ozdobami to wspania\u0142y ho\u0142d dla dobrze prze\u017cytego \u017cycia. Wnikliwie grawerowany motyw Drzewa \u017bycia symbolizuje...","breadcrumb":{"@id":"https:\/\/www.rememberme-forever.com\/pl\/produkt\/drewniana-urna-kremacyjna-z-ozdobami\/#breadcrumb"},"inLanguage":"pl-PL","potentialAction":[{"@type":"ReadAction","target":["https:\/\/www.rememberme-forever.com\/pl\/produkt\/drewniana-urna-kremacyjna-z-ozdobami\/"]}]},{"@type":"ImageObject","inLanguage":"pl-PL","@id":"https:\/\/www.rememberme-forever.com\/pl\/produkt\/drewniana-urna-kremacyjna-z-ozdobami\/#primaryimage","url":"https:\/\/www.rememberme-forever.com\/wp-content\/uploads\/2023\/04\/img_2D_0011.jpg","contentUrl":"https:\/\/www.rememberme-forever.com\/wp-content\/uploads\/2023\/04\/img_2D_0011.jpg","width":1007,"height":1024,"caption":"Drewniana urna kremacyjna z ozdobami"},{"@type":"BreadcrumbList","@id":"https:\/\/www.rememberme-forever.com\/pl\/produkt\/drewniana-urna-kremacyjna-z-ozdobami\/#breadcrumb","itemListElement":[{"@type":"ListItem","position":1,"name":"Home","item":"https:\/\/www.rememberme-forever.com\/pl\/strona-glowna\/"},{"@type":"ListItem","position":2,"name":"Sklep","item":"https:\/\/www.rememberme-forever.com\/pl\/sklep-2\/"},{"@type":"ListItem","position":3,"name":"Drewniana urna kremacyjna z ozdobami"}]},{"@type":"WebSite","@id":"https:\/\/www.rememberme-forever.com\/pl\/#website","url":"https:\/\/www.rememberme-forever.com\/pl\/","name":"Remember Forever","description":"Cremation urns, funeral urns, urns for ashes","publisher":{"@id":"https:\/\/www.rememberme-forever.com\/pl\/#organization"},"potentialAction":[{"@type":"SearchAction","target":{"@type":"EntryPoint","urlTemplate":"https:\/\/www.rememberme-forever.com\/pl\/?s={search_term_string}"},"query-input":{"@type":"PropertyValueSpecification","valueRequired":true,"valueName":"search_term_string"}}],"inLanguage":"pl-PL"},{"@type":"Organization","@id":"https:\/\/www.rememberme-forever.com\/pl\/#organization","name":"Remember Forever","url":"https:\/\/www.rememberme-forever.com\/pl\/","logo":{"@type":"ImageObject","inLanguage":"pl-PL","@id":"https:\/\/www.rememberme-forever.com\/pl\/#\/schema\/logo\/image\/","url":"https:\/\/www.rememberme-forever.com\/wp-content\/uploads\/2023\/02\/logo.png","contentUrl":"https:\/\/www.rememberme-forever.com\/wp-content\/uploads\/2023\/02\/logo.png","width":300,"height":56,"caption":"Remember Forever"},"image":{"@id":"https:\/\/www.rememberme-forever.com\/pl\/#\/schema\/logo\/image\/"}}]}},"acf":[],"_links":{"self":[{"href":"https:\/\/www.rememberme-forever.com\/pl\/wp-json\/wp\/v2\/product\/6933","targetHints":{"allow":["GET"]}}],"collection":[{"href":"https:\/\/www.rememberme-forever.com\/pl\/wp-json\/wp\/v2\/product"}],"about":[{"href":"https:\/\/www.rememberme-forever.com\/pl\/wp-json\/wp\/v2\/types\/product"}],"wp:featuredmedia":[{"embeddable":true,"href":"https:\/\/www.rememberme-forever.com\/pl\/wp-json\/wp\/v2\/media\/11311"}],"wp:attachment":[{"href":"https:\/\/www.rememberme-forever.com\/pl\/wp-json\/wp\/v2\/media?parent=6933"}],"wp:term":[{"taxonomy":"product_brand","embeddable":true,"href":"https:\/\/www.rememberme-forever.com\/pl\/wp-json\/wp\/v2\/product_brand?post=6933"},{"taxonomy":"product_cat","embeddable":true,"href":"https:\/\/www.rememberme-forever.com\/pl\/wp-json\/wp\/v2\/product_cat?post=6933"},{"taxonomy":"product_tag","embeddable":true,"href":"https:\/\/www.rememberme-forever.com\/pl\/wp-json\/wp\/v2\/product_tag?post=6933"}],"curies":[{"name":"wp","href":"https:\/\/api.w.org\/{rel}","templated":true}]}}