{"id":7793,"date":"2023-06-30T15:14:42","date_gmt":"2023-06-30T13:14:42","guid":{"rendered":"https:\/\/www.rememberme-forever.com\/?post_type=product&#038;p=7793"},"modified":"2026-02-02T14:05:36","modified_gmt":"2026-02-02T13:05:36","slug":"dziecieca-urna-na-zewnatrz","status":"publish","type":"product","link":"https:\/\/www.rememberme-forever.com\/pl\/produkt\/dziecieca-urna-na-zewnatrz\/","title":{"rendered":"Dzieci\u0119ca Urna na Zewn\u0105trz"},"content":{"rendered":"<h2 style=\"text-align: center;\">Dzieci\u0119ca Urna na Zewn\u0105trz<\/h2>\n<p style=\"text-align: center;\">Dzieci\u0119ca Urna na Zewn\u0105trz &#8211; kula ze stali nierdzewnej z osobn\u0105 podstaw\u0105 wykonan\u0105 z trwa\u0142ego ABS. Ta pi\u0119kna urna zosta\u0142a stworzona z my\u015bl\u0105 o przechowywaniu proch\u00f3w zmar\u0142ego dziecka na zewn\u0105trz, zachowuj\u0105c jednocze\u015bnie pi\u0119kny wygl\u0105d i odporno\u015b\u0107 na zmienne warunki atmosferyczne.<\/p>\n<p style=\"text-align: center;\">Kula wykonana ze stali nierdzewnej zapewnia nie tylko estetyczny wygl\u0105d, ale tak\u017ce wyj\u0105tkow\u0105 odporno\u015b\u0107 na czynniki zewn\u0119trzne, takie jak deszcz, wiatr czy s\u0142o\u0144ce. Dzi\u0119ki temu mo\u017cesz mie\u0107 pewno\u015b\u0107, \u017ce prochy Twojego ukochanego dziecka b\u0119d\u0105 odpowiednio chronione.<\/p>\n<p style=\"text-align: center;\">Urna posiada wygodny, zakr\u0119cany otw\u00f3r, przez kt\u00f3ry mo\u017cna wsypa\u0107 prochy zmar\u0142ego. Dodatkowo, na podstawie urny znajduje si\u0119 specjalnie przygotowane miejsce na grawerowan\u0105 plakietk\u0119 z indywidualnym tekstem &#8211; to personalizacja, kt\u00f3ra pozwala uczci\u0107 pami\u0119\u0107 dziecka w wyj\u0105tkowy spos\u00f3b.<\/p>\n<p style=\"text-align: center;\">Urna odpowiednia do ogrodu, cmentarza, kolumbarium czy innego specjalnego miejsca, zapewniaj\u0105c trwa\u0142\u0105 pami\u0105tk\u0119 o Twoim dziecku.<\/p>\n<p>&nbsp;<\/p>\n<p style=\"text-align: center;\"><strong><span class=\"jCAhz ChMk0b\"><span class=\"ryNqvb\">\u2611\ufe0f Dla tych, kt\u00f3rzy preferuj\u0105 przechowywanie urny na zewn\u0105trz, musi by\u0107 u\u017cywana bez podstawy.<\/span><\/span> <\/strong><\/p>\n<p style=\"text-align: center;\"><strong><span class=\"jCAhz ChMk0b\"><span class=\"ryNqvb\">\u2611\ufe0f Je\u017celi urna b\u0119dzie przechowywana na zewn\u0105trz, zalecamy dodatkowe zabezpieczenie otworu klejem lub silikonem.<\/span><\/span><\/strong><\/p>\n<p>&nbsp;<\/p>\n<h3 style=\"text-align: center;\"><strong>PERSONALIZACJA<\/strong><\/h3>\n<p style=\"text-align: center;\">Je\u015bli wybierzesz grawerowan\u0105 plakietk\u0119 w zestawie z urn\u0105, prze\u015blij tekst w ramce \u201cGrawerowana plakietka\u201d.<\/p>\n<p style=\"text-align: center;\">Tekst do grawerowanej plakietki powinien by\u0107 dostarczony podczas sk\u0142adania zam\u00f3wienia. (Prosz\u0119 nie panikowa\u0107, je\u015bli to przegapisz, poniewa\u017c zawsze mo\u017cesz wys\u0142a\u0107 nam wiadomo\u015b\u0107 p\u00f3\u017aniej.)<\/p>\n<p><img loading=\"lazy\" decoding=\"async\" class=\"wp-image-1449 aligncenter\" src=\"http:\/\/www.rememberme-forever.com\/wp-content\/uploads\/2023\/04\/memorial-plaque-cremation-urn-silver-300x153.jpg\" alt=\"memorial plaque cremation urn silver\" width=\"229\" height=\"117\" srcset=\"https:\/\/www.rememberme-forever.com\/wp-content\/uploads\/2023\/04\/memorial-plaque-cremation-urn-silver-300x153.jpg 300w, https:\/\/www.rememberme-forever.com\/wp-content\/uploads\/2023\/04\/memorial-plaque-cremation-urn-silver-64x33.jpg 64w, https:\/\/www.rememberme-forever.com\/wp-content\/uploads\/2023\/04\/memorial-plaque-cremation-urn-silver.jpg 448w\" sizes=\"auto, (max-width: 229px) 100vw, 229px\" \/><\/p>\n<p style=\"text-align: center;\"><em><strong>Przed dodaniem produktu do koszyka dok\u0142adnie SPRAWD\u0179 tekst przes\u0142any do grawerowania. Do\u00a0 tekstu kt\u00f3ry otrzymujemy wraz z zam\u00f3wieniem\u00a0 nie wprowadzamy \u017cadnych zmian z naszej strony. Tekst jest grawerowany dok\u0142adnie taki, jaki otrzymujemy od pa\u0144stwa.<\/strong><\/em><\/p>\n<p style=\"text-align: center;\"><em><strong>Sprawd\u017a tekst, aby upewni\u0107 si\u0119, \u017ce pisownia jest poprawna.<\/strong><\/em><\/p>\n","protected":false},"excerpt":{"rendered":"<p><em><strong>Urna pomie\u015bci prochy zmar\u0142ego dziecka o wadze cia\u0142a 35kg lub mniej.<\/strong><\/em><\/p>\n<p><b>\u2611\ufe0f <em style=\"color: red;\">Jeste\u015bmy \u015bwiadomi kr\u00f3tkiego czasu na dostarczenie urny. Urn\u0119 zam\u00f3wion\u0105 do godz. 12.00 w dzie\u0144 roboczy wysy\u0142amy natychmiast.\u00a0<\/em><\/b><\/p>\n","protected":false},"featured_media":7727,"template":"","meta":{"_acf_changed":false},"product_brand":[],"product_cat":[89,138],"product_tag":[3344],"class_list":{"0":"post-7793","1":"product","2":"type-product","3":"status-publish","4":"has-post-thumbnail","6":"product_cat-urny-dzieciece","7":"product_cat-urny-na-zewnatrz","8":"product_tag-gpsr-metal_ss_abs_base","9":"product_shipping_class-wood-urns-pl","11":"first","12":"instock","13":"taxable","14":"shipping-taxable","15":"purchasable","16":"product-type-simple"},"yoast_head":"<!-- This site is optimized with the Yoast SEO plugin v27.4 - https:\/\/yoast.com\/product\/yoast-seo-wordpress\/ -->\n<title>Dzieci\u0119ca Urna na Zewn\u0105trz<\/title>\n<meta name=\"description\" content=\"Dzieci\u0119ca Urna na Zewn\u0105trz - kula ze stali nierdzewnej z osobn\u0105 podstaw\u0105 wykonan\u0105 z trwa\u0142ego ABS. Ta pi\u0119kna urna zosta\u0142a stworzona z my\u015bl\u0105 o...\" \/>\n<meta name=\"robots\" content=\"index, follow, max-snippet:-1, max-image-preview:large, max-video-preview:-1\" \/>\n<link rel=\"canonical\" href=\"https:\/\/www.rememberme-forever.com\/pl\/produkt\/dziecieca-urna-na-zewnatrz\/\" \/>\n<meta property=\"og:locale\" content=\"pl_PL\" \/>\n<meta property=\"og:type\" content=\"article\" \/>\n<meta property=\"og:title\" content=\"Dzieci\u0119ca Urna na Zewn\u0105trz\" \/>\n<meta property=\"og:description\" content=\"Dzieci\u0119ca Urna na Zewn\u0105trz - kula ze stali nierdzewnej z osobn\u0105 podstaw\u0105 wykonan\u0105 z trwa\u0142ego ABS. Ta pi\u0119kna urna zosta\u0142a stworzona z my\u015bl\u0105 o...\" \/>\n<meta property=\"og:url\" content=\"https:\/\/www.rememberme-forever.com\/pl\/produkt\/dziecieca-urna-na-zewnatrz\/\" \/>\n<meta property=\"og:site_name\" content=\"Remember Forever\" \/>\n<meta property=\"article:modified_time\" content=\"2026-02-02T13:05:36+00:00\" \/>\n<meta property=\"og:image\" content=\"http:\/\/www.rememberme-forever.com\/wp-content\/uploads\/2023\/06\/kula5bm-www.jpg\" \/>\n\t<meta property=\"og:image:width\" content=\"1024\" \/>\n\t<meta property=\"og:image:height\" content=\"1024\" \/>\n\t<meta property=\"og:image:type\" content=\"image\/jpeg\" \/>\n<meta name=\"twitter:card\" content=\"summary_large_image\" \/>\n<meta name=\"twitter:label1\" content=\"Szacowany czas czytania\" \/>\n\t<meta name=\"twitter:data1\" content=\"2 minuta\" \/>\n<script type=\"application\/ld+json\" class=\"yoast-schema-graph\">{\"@context\":\"https:\\\/\\\/schema.org\",\"@graph\":[{\"@type\":\"WebPage\",\"@id\":\"https:\\\/\\\/www.rememberme-forever.com\\\/pl\\\/produkt\\\/dziecieca-urna-na-zewnatrz\\\/\",\"url\":\"https:\\\/\\\/www.rememberme-forever.com\\\/pl\\\/produkt\\\/dziecieca-urna-na-zewnatrz\\\/\",\"name\":\"Dzieci\u0119ca Urna na Zewn\u0105trz\",\"isPartOf\":{\"@id\":\"https:\\\/\\\/www.rememberme-forever.com\\\/pl\\\/#website\"},\"primaryImageOfPage\":{\"@id\":\"https:\\\/\\\/www.rememberme-forever.com\\\/pl\\\/produkt\\\/dziecieca-urna-na-zewnatrz\\\/#primaryimage\"},\"image\":{\"@id\":\"https:\\\/\\\/www.rememberme-forever.com\\\/pl\\\/produkt\\\/dziecieca-urna-na-zewnatrz\\\/#primaryimage\"},\"thumbnailUrl\":\"https:\\\/\\\/www.rememberme-forever.com\\\/wp-content\\\/uploads\\\/2023\\\/06\\\/kula5bm-www.jpg\",\"datePublished\":\"2023-06-30T13:14:42+00:00\",\"dateModified\":\"2026-02-02T13:05:36+00:00\",\"description\":\"Dzieci\u0119ca Urna na Zewn\u0105trz - kula ze stali nierdzewnej z osobn\u0105 podstaw\u0105 wykonan\u0105 z trwa\u0142ego ABS. Ta pi\u0119kna urna zosta\u0142a stworzona z my\u015bl\u0105 o...\",\"breadcrumb\":{\"@id\":\"https:\\\/\\\/www.rememberme-forever.com\\\/pl\\\/produkt\\\/dziecieca-urna-na-zewnatrz\\\/#breadcrumb\"},\"inLanguage\":\"pl-PL\",\"potentialAction\":[{\"@type\":\"ReadAction\",\"target\":[\"https:\\\/\\\/www.rememberme-forever.com\\\/pl\\\/produkt\\\/dziecieca-urna-na-zewnatrz\\\/\"]}]},{\"@type\":\"ImageObject\",\"inLanguage\":\"pl-PL\",\"@id\":\"https:\\\/\\\/www.rememberme-forever.com\\\/pl\\\/produkt\\\/dziecieca-urna-na-zewnatrz\\\/#primaryimage\",\"url\":\"https:\\\/\\\/www.rememberme-forever.com\\\/wp-content\\\/uploads\\\/2023\\\/06\\\/kula5bm-www.jpg\",\"contentUrl\":\"https:\\\/\\\/www.rememberme-forever.com\\\/wp-content\\\/uploads\\\/2023\\\/06\\\/kula5bm-www.jpg\",\"width\":1024,\"height\":1024,\"caption\":\"Stainless-steel sphere for adult ashes and black base, Stainless steel sphere for child ashes and solid base\"},{\"@type\":\"BreadcrumbList\",\"@id\":\"https:\\\/\\\/www.rememberme-forever.com\\\/pl\\\/produkt\\\/dziecieca-urna-na-zewnatrz\\\/#breadcrumb\",\"itemListElement\":[{\"@type\":\"ListItem\",\"position\":1,\"name\":\"Home\",\"item\":\"https:\\\/\\\/www.rememberme-forever.com\\\/pl\\\/strona-glowna\\\/\"},{\"@type\":\"ListItem\",\"position\":2,\"name\":\"Sklep\",\"item\":\"https:\\\/\\\/www.rememberme-forever.com\\\/pl\\\/sklep-2\\\/\"},{\"@type\":\"ListItem\",\"position\":3,\"name\":\"Dzieci\u0119ca Urna na Zewn\u0105trz\"}]},{\"@type\":\"WebSite\",\"@id\":\"https:\\\/\\\/www.rememberme-forever.com\\\/pl\\\/#website\",\"url\":\"https:\\\/\\\/www.rememberme-forever.com\\\/pl\\\/\",\"name\":\"Remember Forever\",\"description\":\"Cremation urns, funeral urns, urns for ashes\",\"publisher\":{\"@id\":\"https:\\\/\\\/www.rememberme-forever.com\\\/pl\\\/#organization\"},\"potentialAction\":[{\"@type\":\"SearchAction\",\"target\":{\"@type\":\"EntryPoint\",\"urlTemplate\":\"https:\\\/\\\/www.rememberme-forever.com\\\/pl\\\/?s={search_term_string}\"},\"query-input\":{\"@type\":\"PropertyValueSpecification\",\"valueRequired\":true,\"valueName\":\"search_term_string\"}}],\"inLanguage\":\"pl-PL\"},{\"@type\":\"Organization\",\"@id\":\"https:\\\/\\\/www.rememberme-forever.com\\\/pl\\\/#organization\",\"name\":\"Remember Forever\",\"url\":\"https:\\\/\\\/www.rememberme-forever.com\\\/pl\\\/\",\"logo\":{\"@type\":\"ImageObject\",\"inLanguage\":\"pl-PL\",\"@id\":\"https:\\\/\\\/www.rememberme-forever.com\\\/pl\\\/#\\\/schema\\\/logo\\\/image\\\/\",\"url\":\"https:\\\/\\\/www.rememberme-forever.com\\\/wp-content\\\/uploads\\\/2023\\\/02\\\/logo.png\",\"contentUrl\":\"https:\\\/\\\/www.rememberme-forever.com\\\/wp-content\\\/uploads\\\/2023\\\/02\\\/logo.png\",\"width\":300,\"height\":56,\"caption\":\"Remember Forever\"},\"image\":{\"@id\":\"https:\\\/\\\/www.rememberme-forever.com\\\/pl\\\/#\\\/schema\\\/logo\\\/image\\\/\"}}]}<\/script>\n<!-- \/ Yoast SEO plugin. -->","yoast_head_json":{"title":"Dzieci\u0119ca Urna na Zewn\u0105trz","description":"Dzieci\u0119ca Urna na Zewn\u0105trz - kula ze stali nierdzewnej z osobn\u0105 podstaw\u0105 wykonan\u0105 z trwa\u0142ego ABS. Ta pi\u0119kna urna zosta\u0142a stworzona z my\u015bl\u0105 o...","robots":{"index":"index","follow":"follow","max-snippet":"max-snippet:-1","max-image-preview":"max-image-preview:large","max-video-preview":"max-video-preview:-1"},"canonical":"https:\/\/www.rememberme-forever.com\/pl\/produkt\/dziecieca-urna-na-zewnatrz\/","og_locale":"pl_PL","og_type":"article","og_title":"Dzieci\u0119ca Urna na Zewn\u0105trz","og_description":"Dzieci\u0119ca Urna na Zewn\u0105trz - kula ze stali nierdzewnej z osobn\u0105 podstaw\u0105 wykonan\u0105 z trwa\u0142ego ABS. Ta pi\u0119kna urna zosta\u0142a stworzona z my\u015bl\u0105 o...","og_url":"https:\/\/www.rememberme-forever.com\/pl\/produkt\/dziecieca-urna-na-zewnatrz\/","og_site_name":"Remember Forever","article_modified_time":"2026-02-02T13:05:36+00:00","og_image":[{"width":1024,"height":1024,"url":"http:\/\/www.rememberme-forever.com\/wp-content\/uploads\/2023\/06\/kula5bm-www.jpg","type":"image\/jpeg"}],"twitter_card":"summary_large_image","twitter_misc":{"Szacowany czas czytania":"2 minuta"},"schema":{"@context":"https:\/\/schema.org","@graph":[{"@type":"WebPage","@id":"https:\/\/www.rememberme-forever.com\/pl\/produkt\/dziecieca-urna-na-zewnatrz\/","url":"https:\/\/www.rememberme-forever.com\/pl\/produkt\/dziecieca-urna-na-zewnatrz\/","name":"Dzieci\u0119ca Urna na Zewn\u0105trz","isPartOf":{"@id":"https:\/\/www.rememberme-forever.com\/pl\/#website"},"primaryImageOfPage":{"@id":"https:\/\/www.rememberme-forever.com\/pl\/produkt\/dziecieca-urna-na-zewnatrz\/#primaryimage"},"image":{"@id":"https:\/\/www.rememberme-forever.com\/pl\/produkt\/dziecieca-urna-na-zewnatrz\/#primaryimage"},"thumbnailUrl":"https:\/\/www.rememberme-forever.com\/wp-content\/uploads\/2023\/06\/kula5bm-www.jpg","datePublished":"2023-06-30T13:14:42+00:00","dateModified":"2026-02-02T13:05:36+00:00","description":"Dzieci\u0119ca Urna na Zewn\u0105trz - kula ze stali nierdzewnej z osobn\u0105 podstaw\u0105 wykonan\u0105 z trwa\u0142ego ABS. Ta pi\u0119kna urna zosta\u0142a stworzona z my\u015bl\u0105 o...","breadcrumb":{"@id":"https:\/\/www.rememberme-forever.com\/pl\/produkt\/dziecieca-urna-na-zewnatrz\/#breadcrumb"},"inLanguage":"pl-PL","potentialAction":[{"@type":"ReadAction","target":["https:\/\/www.rememberme-forever.com\/pl\/produkt\/dziecieca-urna-na-zewnatrz\/"]}]},{"@type":"ImageObject","inLanguage":"pl-PL","@id":"https:\/\/www.rememberme-forever.com\/pl\/produkt\/dziecieca-urna-na-zewnatrz\/#primaryimage","url":"https:\/\/www.rememberme-forever.com\/wp-content\/uploads\/2023\/06\/kula5bm-www.jpg","contentUrl":"https:\/\/www.rememberme-forever.com\/wp-content\/uploads\/2023\/06\/kula5bm-www.jpg","width":1024,"height":1024,"caption":"Stainless-steel sphere for adult ashes and black base, Stainless steel sphere for child ashes and solid base"},{"@type":"BreadcrumbList","@id":"https:\/\/www.rememberme-forever.com\/pl\/produkt\/dziecieca-urna-na-zewnatrz\/#breadcrumb","itemListElement":[{"@type":"ListItem","position":1,"name":"Home","item":"https:\/\/www.rememberme-forever.com\/pl\/strona-glowna\/"},{"@type":"ListItem","position":2,"name":"Sklep","item":"https:\/\/www.rememberme-forever.com\/pl\/sklep-2\/"},{"@type":"ListItem","position":3,"name":"Dzieci\u0119ca Urna na Zewn\u0105trz"}]},{"@type":"WebSite","@id":"https:\/\/www.rememberme-forever.com\/pl\/#website","url":"https:\/\/www.rememberme-forever.com\/pl\/","name":"Remember Forever","description":"Cremation urns, funeral urns, urns for ashes","publisher":{"@id":"https:\/\/www.rememberme-forever.com\/pl\/#organization"},"potentialAction":[{"@type":"SearchAction","target":{"@type":"EntryPoint","urlTemplate":"https:\/\/www.rememberme-forever.com\/pl\/?s={search_term_string}"},"query-input":{"@type":"PropertyValueSpecification","valueRequired":true,"valueName":"search_term_string"}}],"inLanguage":"pl-PL"},{"@type":"Organization","@id":"https:\/\/www.rememberme-forever.com\/pl\/#organization","name":"Remember Forever","url":"https:\/\/www.rememberme-forever.com\/pl\/","logo":{"@type":"ImageObject","inLanguage":"pl-PL","@id":"https:\/\/www.rememberme-forever.com\/pl\/#\/schema\/logo\/image\/","url":"https:\/\/www.rememberme-forever.com\/wp-content\/uploads\/2023\/02\/logo.png","contentUrl":"https:\/\/www.rememberme-forever.com\/wp-content\/uploads\/2023\/02\/logo.png","width":300,"height":56,"caption":"Remember Forever"},"image":{"@id":"https:\/\/www.rememberme-forever.com\/pl\/#\/schema\/logo\/image\/"}}]}},"acf":[],"_links":{"self":[{"href":"https:\/\/www.rememberme-forever.com\/pl\/wp-json\/wp\/v2\/product\/7793","targetHints":{"allow":["GET"]}}],"collection":[{"href":"https:\/\/www.rememberme-forever.com\/pl\/wp-json\/wp\/v2\/product"}],"about":[{"href":"https:\/\/www.rememberme-forever.com\/pl\/wp-json\/wp\/v2\/types\/product"}],"wp:featuredmedia":[{"embeddable":true,"href":"https:\/\/www.rememberme-forever.com\/pl\/wp-json\/wp\/v2\/media\/7727"}],"wp:attachment":[{"href":"https:\/\/www.rememberme-forever.com\/pl\/wp-json\/wp\/v2\/media?parent=7793"}],"wp:term":[{"taxonomy":"product_brand","embeddable":true,"href":"https:\/\/www.rememberme-forever.com\/pl\/wp-json\/wp\/v2\/product_brand?post=7793"},{"taxonomy":"product_cat","embeddable":true,"href":"https:\/\/www.rememberme-forever.com\/pl\/wp-json\/wp\/v2\/product_cat?post=7793"},{"taxonomy":"product_tag","embeddable":true,"href":"https:\/\/www.rememberme-forever.com\/pl\/wp-json\/wp\/v2\/product_tag?post=7793"}],"curies":[{"name":"wp","href":"https:\/\/api.w.org\/{rel}","templated":true}]}}