{"id":8514,"date":"2023-09-29T12:00:54","date_gmt":"2023-09-29T10:00:54","guid":{"rendered":"https:\/\/www.rememberme-forever.com\/?post_type=product&#038;p=8514"},"modified":"2026-02-02T14:03:35","modified_gmt":"2026-02-02T13:03:35","slug":"urna-kamienna-nisza-zestaw-do-pochowku","status":"publish","type":"product","link":"https:\/\/www.rememberme-forever.com\/pl\/produkt\/urna-kamienna-nisza-zestaw-do-pochowku\/","title":{"rendered":"Urna kamienna + nisza, zestaw do poch\u00f3wku."},"content":{"rendered":"<h2 style=\"text-align: center;\">Urna kamienna + nisza, zestaw do poch\u00f3wku urny z prochami.<\/h2>\n<p>&nbsp;<\/p>\n<p style=\"text-align: center;\"><strong>\u2611\ufe0f Urna kamienna:<\/strong><\/p>\n<p style=\"text-align: center;\">Ci\u0119\u017cka i solidna urna z naturalnego onyksu. Idealna urna pogrzebowa na prochy doros\u0142ej osoby. Prochy wsypuje si\u0119 poprzez zakr\u0119cany otw\u00f3r od spodu urny.<\/p>\n<p style=\"text-align: center;\">Urna zbudowana z naturalnego kamienia, w zwi\u0105zku z tym ka\u017cdy egzemplarz nieznacznie r\u00f3\u017cni si\u0119 do siebie.<\/p>\n<p style=\"text-align: center;\"><strong>\u2611\ufe0f Nisza na urn\u0119<\/strong><\/p>\n<p style=\"text-align: center;\">Pojemnik wykonany z tworzywa ABS przeznaczony do poch\u00f3wku urny w ziemi lub w grobie. Pojemnik jest odporny na warunki atmosferyczne i nie rozk\u0142ada si\u0119 w glebie.<\/p>\n<p style=\"text-align: center;\">G\u0142\u00f3wnym celem pojemnika jest ochrona urny przed bezpo\u015brednim kontaktem z ziemi\u0105 i jej naporem.<\/p>\n<p style=\"text-align: center;\">Pojemnik przeszed\u0142 test ci\u015bnieniowy na poziomie 2200 PSI (funty na cal kwadratowy), co zapewnia, \u017ce nie ulegnie on z\u0142amaniu pod wp\u0142ywem ci\u015bnienia. Wykonany jest z tworzywa ABS (akrylonitryl-butadien-styren). ABS charakteryzuje si\u0119 wyj\u0105tkowymi w\u0142a\u015bciwo\u015bciami mechanicznymi i znany jest z wytrzyma\u0142o\u015bci. Czyni go to idealnym materia\u0142em do zastosowa\u0144 wymagaj\u0105cych du\u017cej odporno\u015bci na uderzenia i nap\u00f3r ziemi.<\/p>\n<p style=\"text-align: center;\"><strong>Aby uszczelni\u0107 g\u00f3rn\u0105 pokryw\u0119, zaleca si\u0119 u\u017cycie kleju lub silikonu.<\/strong><\/p>\n<p>&nbsp;<\/p>\n<p style=\"text-align: center;\"><strong>\u2611\ufe0f ZESTAW<\/strong><\/p>\n<p style=\"text-align: center;\">Wybieraj\u0105c ten zestaw, otrzymasz:<\/p>\n<p style=\"text-align: center;\">\u25cf Pi\u0119kn\u0105 urn\u0119 na prochy, kt\u00f3ra b\u0119dzie doskonale prezentowa\u0107 si\u0119 podczas ceremonii pogrzebowej.<\/p>\n<p style=\"text-align: center;\">\u25cf Wytrzyma\u0142y pojemnik do poch\u00f3wku urny.<\/p>\n<p style=\"text-align: center;\">\u25cf Pewno\u015b\u0107, \u017ce wszystko b\u0119dzie doskonale ze sob\u0105 pasowa\u0107.<\/p>\n<p style=\"text-align: center;\">\u25cf Oszcz\u0119dno\u015b\u0107 czasu i koszt\u00f3w.<\/p>\n<p style=\"text-align: center;\">\u25cf Unikniesz ryzyka zakupu zbyt ma\u0142ego pojemnika.<\/p>\n<p>&nbsp;<\/p>\n<p style=\"text-align: center; color: red;\"><strong>Zapytaj o inne nasze urny w zestawie z nisz\u0105. <a href=\"https:\/\/www.rememberme-forever.com\/pl\/kontakt\/\" target=\"_blank\" rel=\"noopener\">Kontakt &gt;&gt;<\/a><\/strong><\/p>\n<p style=\"text-align: center;\">&#8212;&#8212;&#8212;&#8212;&#8212;&#8212;&#8212;&#8212;&#8212;&#8212;&#8211;<\/p>\n<p style=\"text-align: center;\">\u25ba SZCZEG\u00d3\u0141Y PRODUKTU \u25c4<\/p>\n<p style=\"text-align: center;\">NISZA:<\/p>\n<p style=\"text-align: center;\">\u2705 Kolor szary.<\/p>\n<p style=\"text-align: center;\">\u2705 Wysoko\u015b\u0107: 40 cm<\/p>\n<p style=\"text-align: center;\">\u2705 D\u0142ugo\u015b\u0107: 40 cm<\/p>\n<p style=\"text-align: center;\">\u2705 Szeroko\u015b\u0107: 40 cm<\/p>\n<p style=\"text-align: center;\">\u2705 Wymiary wewn\u0119trzne: 35 cm x 35 cm x 40 cm<\/p>\n<p style=\"text-align: center;\">\u2705 Waga: 3,70 kg<\/p>\n<p style=\"text-align: center;\">\u2705 Materia\u0142: ABS<\/p>\n<p style=\"text-align: center;\">URNA:<\/p>\n<p style=\"text-align: center;\">\u2705 Wymiary: 30(szer)cm x 18cm(wys) x 21cm(d\u0142)<br \/>\n\u2705 Pojemno\u015b\u0107: 5 L<br \/>\n\u2705 Waga:10kg<br \/>\n\u2705 Urna odpowiednia dla osoby o wadze cia\u0142a 136kg lub mniej.<\/p>\n<p style=\"text-align: center;\">&#8212;&#8212;&#8212;&#8212;&#8212;&#8212;&#8212;&#8212;&#8212;&#8212;&#8212;&#8212;&#8212;&#8212;&#8212;&#8212;&#8212;&#8212;<\/p>\n<p style=\"text-align: center;\">\u25ba PERSONALIZACJA \u25c4<\/p>\n<p style=\"text-align: center;\">\u2714\ufe0f Grawerowana plakietka na urn\u0119<\/p>\n<p style=\"text-align: center;\">\u2714\ufe0f Prosz\u0119 DOK\u0141ADNIE sprawdzi\u0107 tekst do grawerowania przed dodaniem przedmiotu do koszyka. Kopiujemy i grawerujemy dok\u0142adne informacje, kt\u00f3re otrzymujemy w zam\u00f3wieniu i nie wprowadzamy \u017cadnych zmian po naszej stronie.<\/p>\n<p style=\"text-align: center;\">\u2714\ufe0f Prosz\u0119 jeszcze raz przejrze\u0107 tekst, aby upewni\u0107 si\u0119, \u017ce wszystkie pisownie s\u0105 poprawne.<\/p>\n<p style=\"text-align: center;\">\u2714\ufe0f Grawerowan\u0105 plakietk\u0119 mo\u017cna samodzielnie zamontowa\u0107.<\/p>\n","protected":false},"excerpt":{"rendered":"<p><em><strong>Urna odpowiednia dla osoby o wadze cia\u0142a 136 kg lub mniej.<\/strong><\/em><\/p>\n<p><b>\u2611\ufe0f <em style=\"color: red;\">Jeste\u015bmy \u015bwiadomi kr\u00f3tkiego czasu na dostarczenie urny. Urn\u0119 zam\u00f3wion\u0105 do godz. 12.00 w dzie\u0144 roboczy wysy\u0142amy natychmiast.\u00a0<\/em><\/b><\/p>\n","protected":false},"featured_media":8493,"template":"","meta":{"_acf_changed":false},"product_brand":[],"product_cat":[1758,138],"product_tag":[3360,1143,997],"class_list":{"0":"post-8514","1":"product","2":"type-product","3":"status-publish","4":"has-post-thumbnail","6":"product_cat-urna-nisza","7":"product_cat-urny-na-zewnatrz","8":"product_tag-gpsr-set-vault-various-urns","9":"product_tag-pochowek","10":"product_tag-pogrzeb","11":"product_shipping_class-5-10kg","13":"first","14":"instock","15":"taxable","16":"shipping-taxable","17":"purchasable","18":"product-type-variable"},"yoast_head":"<!-- This site is optimized with the Yoast SEO plugin v27.4 - https:\/\/yoast.com\/product\/yoast-seo-wordpress\/ -->\n<title>Urna kamienna + nisza, zestaw do poch\u00f3wku.<\/title>\n<meta name=\"robots\" content=\"index, follow, max-snippet:-1, max-image-preview:large, max-video-preview:-1\" \/>\n<link rel=\"canonical\" href=\"https:\/\/www.rememberme-forever.com\/pl\/produkt\/urna-kamienna-nisza-zestaw-do-pochowku\/\" \/>\n<meta property=\"og:locale\" content=\"pl_PL\" \/>\n<meta property=\"og:type\" content=\"article\" \/>\n<meta property=\"og:title\" content=\"Urna kamienna + nisza, zestaw do poch\u00f3wku.\" \/>\n<meta property=\"og:description\" content=\"Urna odpowiednia dla osoby o wadze cia\u0142a 136 kg lub mniej.  \u2611\ufe0f Jeste\u015bmy \u015bwiadomi kr\u00f3tkiego czasu na dostarczenie urny. Urn\u0119 zam\u00f3wion\u0105 do godz. 12.00 w dzie\u0144 roboczy wysy\u0142amy natychmiast.\u00a0\" \/>\n<meta property=\"og:url\" content=\"https:\/\/www.rememberme-forever.com\/pl\/produkt\/urna-kamienna-nisza-zestaw-do-pochowku\/\" \/>\n<meta property=\"og:site_name\" content=\"Remember Forever\" \/>\n<meta property=\"article:modified_time\" content=\"2026-02-02T13:03:35+00:00\" \/>\n<meta property=\"og:image\" content=\"http:\/\/www.rememberme-forever.com\/wp-content\/uploads\/2023\/09\/stone-urn-and-vault-1.jpg\" \/>\n\t<meta property=\"og:image:width\" content=\"830\" \/>\n\t<meta property=\"og:image:height\" content=\"768\" \/>\n\t<meta property=\"og:image:type\" content=\"image\/jpeg\" \/>\n<meta name=\"twitter:card\" content=\"summary_large_image\" \/>\n<meta name=\"twitter:label1\" content=\"Szacowany czas czytania\" \/>\n\t<meta name=\"twitter:data1\" content=\"2 minuta\" \/>\n<script type=\"application\/ld+json\" class=\"yoast-schema-graph\">{\"@context\":\"https:\\\/\\\/schema.org\",\"@graph\":[{\"@type\":\"WebPage\",\"@id\":\"https:\\\/\\\/www.rememberme-forever.com\\\/pl\\\/produkt\\\/urna-kamienna-nisza-zestaw-do-pochowku\\\/\",\"url\":\"https:\\\/\\\/www.rememberme-forever.com\\\/pl\\\/produkt\\\/urna-kamienna-nisza-zestaw-do-pochowku\\\/\",\"name\":\"Urna kamienna + nisza, zestaw do poch\u00f3wku.\",\"isPartOf\":{\"@id\":\"https:\\\/\\\/www.rememberme-forever.com\\\/pl\\\/#website\"},\"primaryImageOfPage\":{\"@id\":\"https:\\\/\\\/www.rememberme-forever.com\\\/pl\\\/produkt\\\/urna-kamienna-nisza-zestaw-do-pochowku\\\/#primaryimage\"},\"image\":{\"@id\":\"https:\\\/\\\/www.rememberme-forever.com\\\/pl\\\/produkt\\\/urna-kamienna-nisza-zestaw-do-pochowku\\\/#primaryimage\"},\"thumbnailUrl\":\"https:\\\/\\\/www.rememberme-forever.com\\\/wp-content\\\/uploads\\\/2023\\\/09\\\/stone-urn-and-vault-1.jpg\",\"datePublished\":\"2023-09-29T10:00:54+00:00\",\"dateModified\":\"2026-02-02T13:03:35+00:00\",\"breadcrumb\":{\"@id\":\"https:\\\/\\\/www.rememberme-forever.com\\\/pl\\\/produkt\\\/urna-kamienna-nisza-zestaw-do-pochowku\\\/#breadcrumb\"},\"inLanguage\":\"pl-PL\",\"potentialAction\":[{\"@type\":\"ReadAction\",\"target\":[\"https:\\\/\\\/www.rememberme-forever.com\\\/pl\\\/produkt\\\/urna-kamienna-nisza-zestaw-do-pochowku\\\/\"]}]},{\"@type\":\"ImageObject\",\"inLanguage\":\"pl-PL\",\"@id\":\"https:\\\/\\\/www.rememberme-forever.com\\\/pl\\\/produkt\\\/urna-kamienna-nisza-zestaw-do-pochowku\\\/#primaryimage\",\"url\":\"https:\\\/\\\/www.rememberme-forever.com\\\/wp-content\\\/uploads\\\/2023\\\/09\\\/stone-urn-and-vault-1.jpg\",\"contentUrl\":\"https:\\\/\\\/www.rememberme-forever.com\\\/wp-content\\\/uploads\\\/2023\\\/09\\\/stone-urn-and-vault-1.jpg\",\"width\":830,\"height\":768,\"caption\":\"stone urn and vault\"},{\"@type\":\"BreadcrumbList\",\"@id\":\"https:\\\/\\\/www.rememberme-forever.com\\\/pl\\\/produkt\\\/urna-kamienna-nisza-zestaw-do-pochowku\\\/#breadcrumb\",\"itemListElement\":[{\"@type\":\"ListItem\",\"position\":1,\"name\":\"Home\",\"item\":\"https:\\\/\\\/www.rememberme-forever.com\\\/pl\\\/strona-glowna\\\/\"},{\"@type\":\"ListItem\",\"position\":2,\"name\":\"Sklep\",\"item\":\"https:\\\/\\\/www.rememberme-forever.com\\\/pl\\\/sklep-2\\\/\"},{\"@type\":\"ListItem\",\"position\":3,\"name\":\"Urna kamienna + nisza, zestaw do poch\u00f3wku.\"}]},{\"@type\":\"WebSite\",\"@id\":\"https:\\\/\\\/www.rememberme-forever.com\\\/pl\\\/#website\",\"url\":\"https:\\\/\\\/www.rememberme-forever.com\\\/pl\\\/\",\"name\":\"Remember Forever\",\"description\":\"Cremation urns, funeral urns, urns for ashes\",\"publisher\":{\"@id\":\"https:\\\/\\\/www.rememberme-forever.com\\\/pl\\\/#organization\"},\"potentialAction\":[{\"@type\":\"SearchAction\",\"target\":{\"@type\":\"EntryPoint\",\"urlTemplate\":\"https:\\\/\\\/www.rememberme-forever.com\\\/pl\\\/?s={search_term_string}\"},\"query-input\":{\"@type\":\"PropertyValueSpecification\",\"valueRequired\":true,\"valueName\":\"search_term_string\"}}],\"inLanguage\":\"pl-PL\"},{\"@type\":\"Organization\",\"@id\":\"https:\\\/\\\/www.rememberme-forever.com\\\/pl\\\/#organization\",\"name\":\"Remember Forever\",\"url\":\"https:\\\/\\\/www.rememberme-forever.com\\\/pl\\\/\",\"logo\":{\"@type\":\"ImageObject\",\"inLanguage\":\"pl-PL\",\"@id\":\"https:\\\/\\\/www.rememberme-forever.com\\\/pl\\\/#\\\/schema\\\/logo\\\/image\\\/\",\"url\":\"https:\\\/\\\/www.rememberme-forever.com\\\/wp-content\\\/uploads\\\/2023\\\/02\\\/logo.png\",\"contentUrl\":\"https:\\\/\\\/www.rememberme-forever.com\\\/wp-content\\\/uploads\\\/2023\\\/02\\\/logo.png\",\"width\":300,\"height\":56,\"caption\":\"Remember Forever\"},\"image\":{\"@id\":\"https:\\\/\\\/www.rememberme-forever.com\\\/pl\\\/#\\\/schema\\\/logo\\\/image\\\/\"}}]}<\/script>\n<!-- \/ Yoast SEO plugin. -->","yoast_head_json":{"title":"Urna kamienna + nisza, zestaw do poch\u00f3wku.","robots":{"index":"index","follow":"follow","max-snippet":"max-snippet:-1","max-image-preview":"max-image-preview:large","max-video-preview":"max-video-preview:-1"},"canonical":"https:\/\/www.rememberme-forever.com\/pl\/produkt\/urna-kamienna-nisza-zestaw-do-pochowku\/","og_locale":"pl_PL","og_type":"article","og_title":"Urna kamienna + nisza, zestaw do poch\u00f3wku.","og_description":"Urna odpowiednia dla osoby o wadze cia\u0142a 136 kg lub mniej.  \u2611\ufe0f Jeste\u015bmy \u015bwiadomi kr\u00f3tkiego czasu na dostarczenie urny. Urn\u0119 zam\u00f3wion\u0105 do godz. 12.00 w dzie\u0144 roboczy wysy\u0142amy natychmiast.\u00a0","og_url":"https:\/\/www.rememberme-forever.com\/pl\/produkt\/urna-kamienna-nisza-zestaw-do-pochowku\/","og_site_name":"Remember Forever","article_modified_time":"2026-02-02T13:03:35+00:00","og_image":[{"width":830,"height":768,"url":"http:\/\/www.rememberme-forever.com\/wp-content\/uploads\/2023\/09\/stone-urn-and-vault-1.jpg","type":"image\/jpeg"}],"twitter_card":"summary_large_image","twitter_misc":{"Szacowany czas czytania":"2 minuta"},"schema":{"@context":"https:\/\/schema.org","@graph":[{"@type":"WebPage","@id":"https:\/\/www.rememberme-forever.com\/pl\/produkt\/urna-kamienna-nisza-zestaw-do-pochowku\/","url":"https:\/\/www.rememberme-forever.com\/pl\/produkt\/urna-kamienna-nisza-zestaw-do-pochowku\/","name":"Urna kamienna + nisza, zestaw do poch\u00f3wku.","isPartOf":{"@id":"https:\/\/www.rememberme-forever.com\/pl\/#website"},"primaryImageOfPage":{"@id":"https:\/\/www.rememberme-forever.com\/pl\/produkt\/urna-kamienna-nisza-zestaw-do-pochowku\/#primaryimage"},"image":{"@id":"https:\/\/www.rememberme-forever.com\/pl\/produkt\/urna-kamienna-nisza-zestaw-do-pochowku\/#primaryimage"},"thumbnailUrl":"https:\/\/www.rememberme-forever.com\/wp-content\/uploads\/2023\/09\/stone-urn-and-vault-1.jpg","datePublished":"2023-09-29T10:00:54+00:00","dateModified":"2026-02-02T13:03:35+00:00","breadcrumb":{"@id":"https:\/\/www.rememberme-forever.com\/pl\/produkt\/urna-kamienna-nisza-zestaw-do-pochowku\/#breadcrumb"},"inLanguage":"pl-PL","potentialAction":[{"@type":"ReadAction","target":["https:\/\/www.rememberme-forever.com\/pl\/produkt\/urna-kamienna-nisza-zestaw-do-pochowku\/"]}]},{"@type":"ImageObject","inLanguage":"pl-PL","@id":"https:\/\/www.rememberme-forever.com\/pl\/produkt\/urna-kamienna-nisza-zestaw-do-pochowku\/#primaryimage","url":"https:\/\/www.rememberme-forever.com\/wp-content\/uploads\/2023\/09\/stone-urn-and-vault-1.jpg","contentUrl":"https:\/\/www.rememberme-forever.com\/wp-content\/uploads\/2023\/09\/stone-urn-and-vault-1.jpg","width":830,"height":768,"caption":"stone urn and vault"},{"@type":"BreadcrumbList","@id":"https:\/\/www.rememberme-forever.com\/pl\/produkt\/urna-kamienna-nisza-zestaw-do-pochowku\/#breadcrumb","itemListElement":[{"@type":"ListItem","position":1,"name":"Home","item":"https:\/\/www.rememberme-forever.com\/pl\/strona-glowna\/"},{"@type":"ListItem","position":2,"name":"Sklep","item":"https:\/\/www.rememberme-forever.com\/pl\/sklep-2\/"},{"@type":"ListItem","position":3,"name":"Urna kamienna + nisza, zestaw do poch\u00f3wku."}]},{"@type":"WebSite","@id":"https:\/\/www.rememberme-forever.com\/pl\/#website","url":"https:\/\/www.rememberme-forever.com\/pl\/","name":"Remember Forever","description":"Cremation urns, funeral urns, urns for ashes","publisher":{"@id":"https:\/\/www.rememberme-forever.com\/pl\/#organization"},"potentialAction":[{"@type":"SearchAction","target":{"@type":"EntryPoint","urlTemplate":"https:\/\/www.rememberme-forever.com\/pl\/?s={search_term_string}"},"query-input":{"@type":"PropertyValueSpecification","valueRequired":true,"valueName":"search_term_string"}}],"inLanguage":"pl-PL"},{"@type":"Organization","@id":"https:\/\/www.rememberme-forever.com\/pl\/#organization","name":"Remember Forever","url":"https:\/\/www.rememberme-forever.com\/pl\/","logo":{"@type":"ImageObject","inLanguage":"pl-PL","@id":"https:\/\/www.rememberme-forever.com\/pl\/#\/schema\/logo\/image\/","url":"https:\/\/www.rememberme-forever.com\/wp-content\/uploads\/2023\/02\/logo.png","contentUrl":"https:\/\/www.rememberme-forever.com\/wp-content\/uploads\/2023\/02\/logo.png","width":300,"height":56,"caption":"Remember Forever"},"image":{"@id":"https:\/\/www.rememberme-forever.com\/pl\/#\/schema\/logo\/image\/"}}]}},"acf":[],"_links":{"self":[{"href":"https:\/\/www.rememberme-forever.com\/pl\/wp-json\/wp\/v2\/product\/8514","targetHints":{"allow":["GET"]}}],"collection":[{"href":"https:\/\/www.rememberme-forever.com\/pl\/wp-json\/wp\/v2\/product"}],"about":[{"href":"https:\/\/www.rememberme-forever.com\/pl\/wp-json\/wp\/v2\/types\/product"}],"wp:featuredmedia":[{"embeddable":true,"href":"https:\/\/www.rememberme-forever.com\/pl\/wp-json\/wp\/v2\/media\/8493"}],"wp:attachment":[{"href":"https:\/\/www.rememberme-forever.com\/pl\/wp-json\/wp\/v2\/media?parent=8514"}],"wp:term":[{"taxonomy":"product_brand","embeddable":true,"href":"https:\/\/www.rememberme-forever.com\/pl\/wp-json\/wp\/v2\/product_brand?post=8514"},{"taxonomy":"product_cat","embeddable":true,"href":"https:\/\/www.rememberme-forever.com\/pl\/wp-json\/wp\/v2\/product_cat?post=8514"},{"taxonomy":"product_tag","embeddable":true,"href":"https:\/\/www.rememberme-forever.com\/pl\/wp-json\/wp\/v2\/product_tag?post=8514"}],"curies":[{"name":"wp","href":"https:\/\/api.w.org\/{rel}","templated":true}]}}